{"id":21141,"date":"2024-12-26T15:09:53","date_gmt":"2024-12-26T14:09:53","guid":{"rendered":"https:\/\/www.atta45.se\/e-butik\/?post_type=product&#038;p=21141"},"modified":"2025-10-27T16:07:51","modified_gmt":"2025-10-27T15:07:51","slug":"laddare-power-bank-i-bambu-6000-mah-walter","status":"publish","type":"product","link":"https:\/\/www.atta45.se\/e-butik\/produkt\/laddare-power-bank-i-bambu-6000-mah-walter\/","title":{"rendered":"Batteribank (laddare) i bambu Walter 6000 mAh Walter"},"content":{"rendered":"<p>Tr\u00e5dl\u00f6s laddare i bambu med kapacitet p\u00e5 6000 mAh. Input D  5V\/2A. Output DC 5V\/2A. Tr\u00e5dl\u00f6s laddning 5V\/1A. Li-polymer batteri. LED-indikator. Laddningskabel ing\u00e5r (USB &#8211; micro-USB).<\/p>\n","protected":false},"excerpt":{"rendered":"<p>Tr\u00e5dl\u00f6s laddare i bambu med kapacitet p\u00e5 6000 mAh. Input D 5V\/2A. Output DC 5V\/2A. Tr\u00e5dl\u00f6s laddning 5V\/1A. Li-polymer batteri. LED-indikator. Laddningskabel ing\u00e5r (USB &#8211; micro-USB).<\/p>\n","protected":false},"featured_media":21142,"template":"","meta":{"_acf_changed":false,"_seopress_robots_primary_cat":"","_seopress_titles_title":"","_seopress_titles_desc":"","_seopress_robots_index":""},"product_brand":[],"product_cat":[15],"product_tag":[],"class_list":{"0":"post-21141","1":"product","2":"type-product","3":"status-publish","4":"has-post-thumbnail","6":"product_cat-okategoriserad","7":"atta45_taxonomy-tema-inspiration-ogonblick-arsslut-sv","8":"atta45_taxonomy-tema-inspiration-grona-intryck-bambu-sv","9":"atta45_taxonomy-tema-inspiration-branscher-sv","10":"atta45_taxonomy-elektronik-kontor-datortillbehor-sv","11":"atta45_taxonomy-tema-inspiration-grona-intryck-eco-basic-sv","12":"atta45_taxonomy-elektronik-kontor-sv","13":"atta45_taxonomy-tema-inspiration-ogonblick-en-gron-planet-sv","14":"atta45_taxonomy-tema-inspiration-grona-intryck-sv","15":"atta45_taxonomy-elektronik-kontor-kontorsartiklar-sv","16":"atta45_taxonomy-mobiltillbehor-mobiltillbehor-sv","17":"atta45_taxonomy-elektronik-kontor-powerbank-speakers-sv","18":"atta45_taxonomy-tema-inspiration-sv","19":"atta45_taxonomy-tema-inspiration-branscher-utbildning-sv","21":"first","22":"instock","23":"taxable","24":"shipping-taxable","25":"purchasable","26":"product-type-variable"},"acf":[],"_links":{"self":[{"href":"https:\/\/www.atta45.se\/e-butik\/wp-json\/wp\/v2\/product\/21141","targetHints":{"allow":["GET"]}}],"collection":[{"href":"https:\/\/www.atta45.se\/e-butik\/wp-json\/wp\/v2\/product"}],"about":[{"href":"https:\/\/www.atta45.se\/e-butik\/wp-json\/wp\/v2\/types\/product"}],"wp:featuredmedia":[{"embeddable":true,"href":"https:\/\/www.atta45.se\/e-butik\/wp-json\/wp\/v2\/media\/21142"}],"wp:attachment":[{"href":"https:\/\/www.atta45.se\/e-butik\/wp-json\/wp\/v2\/media?parent=21141"}],"wp:term":[{"taxonomy":"product_brand","embeddable":true,"href":"https:\/\/www.atta45.se\/e-butik\/wp-json\/wp\/v2\/product_brand?post=21141"},{"taxonomy":"product_cat","embeddable":true,"href":"https:\/\/www.atta45.se\/e-butik\/wp-json\/wp\/v2\/product_cat?post=21141"},{"taxonomy":"product_tag","embeddable":true,"href":"https:\/\/www.atta45.se\/e-butik\/wp-json\/wp\/v2\/product_tag?post=21141"}],"curies":[{"name":"wp","href":"https:\/\/api.w.org\/{rel}","templated":true}]}}