{"id":21121,"date":"2024-12-26T15:09:41","date_gmt":"2024-12-26T14:09:41","guid":{"rendered":"https:\/\/www.atta45.se\/e-butik\/?post_type=product&#038;p=21121"},"modified":"2025-10-27T16:00:19","modified_gmt":"2025-10-27T15:00:19","slug":"skydd-for-webbkamera-av-pp","status":"publish","type":"product","link":"https:\/\/www.atta45.se\/e-butik\/produkt\/skydd-for-webbkamera-av-pp\/","title":{"rendered":"Skydd f\u00f6r webbkamera av PP Aubrey"},"content":{"rendered":"<p>Skydd f\u00f6r webbkamera, av PP, med dubbelsidig sticker f\u00f6r att h\u00e5lla skyddet p\u00e5 plats. Enkelt att \u00f6ppna och st\u00e4nga skjutluckan.<\/p>\n","protected":false},"excerpt":{"rendered":"<p>Skydd f\u00f6r webbkamera, av PP, med dubbelsidig sticker f\u00f6r att h\u00e5lla skyddet p\u00e5 plats. Enkelt att \u00f6ppna och st\u00e4nga skjutluckan.<\/p>\n","protected":false},"featured_media":21122,"template":"","meta":{"_acf_changed":false,"_seopress_robots_primary_cat":"","_seopress_titles_title":"","_seopress_titles_desc":"","_seopress_robots_index":""},"product_brand":[],"product_cat":[15],"product_tag":[],"class_list":{"0":"post-21121","1":"product","2":"type-product","3":"status-publish","4":"has-post-thumbnail","6":"product_cat-okategoriserad","7":"atta45_taxonomy-elektronik-kontor-datortillbehor-sv","8":"atta45_taxonomy-elektronik-kontor-sv","9":"atta45_taxonomy-tema-inspiration-ogonblick-framtiden-ar-din-sv","10":"atta45_taxonomy-tema-inspiration-sv","12":"first","13":"instock","14":"taxable","15":"shipping-taxable","16":"purchasable","17":"product-type-variable"},"acf":[],"_links":{"self":[{"href":"https:\/\/www.atta45.se\/e-butik\/wp-json\/wp\/v2\/product\/21121","targetHints":{"allow":["GET"]}}],"collection":[{"href":"https:\/\/www.atta45.se\/e-butik\/wp-json\/wp\/v2\/product"}],"about":[{"href":"https:\/\/www.atta45.se\/e-butik\/wp-json\/wp\/v2\/types\/product"}],"wp:featuredmedia":[{"embeddable":true,"href":"https:\/\/www.atta45.se\/e-butik\/wp-json\/wp\/v2\/media\/21122"}],"wp:attachment":[{"href":"https:\/\/www.atta45.se\/e-butik\/wp-json\/wp\/v2\/media?parent=21121"}],"wp:term":[{"taxonomy":"product_brand","embeddable":true,"href":"https:\/\/www.atta45.se\/e-butik\/wp-json\/wp\/v2\/product_brand?post=21121"},{"taxonomy":"product_cat","embeddable":true,"href":"https:\/\/www.atta45.se\/e-butik\/wp-json\/wp\/v2\/product_cat?post=21121"},{"taxonomy":"product_tag","embeddable":true,"href":"https:\/\/www.atta45.se\/e-butik\/wp-json\/wp\/v2\/product_tag?post=21121"}],"curies":[{"name":"wp","href":"https:\/\/api.w.org\/{rel}","templated":true}]}}