{"id":21101,"date":"2024-12-26T15:09:29","date_gmt":"2024-12-26T14:09:29","guid":{"rendered":"https:\/\/www.atta45.se\/e-butik\/?post_type=product&#038;p=21101"},"modified":"2025-10-27T15:59:36","modified_gmt":"2025-10-27T14:59:36","slug":"ryggsack-i-pvc-med-anti-stold-ficka","status":"publish","type":"product","link":"https:\/\/www.atta45.se\/e-butik\/produkt\/ryggsack-i-pvc-med-anti-stold-ficka\/","title":{"rendered":"Ryggs\u00e4ck i PVC med anti-st\u00f6ld ficka Romy"},"content":{"rendered":"<p>Ryggs\u00e4ck i PVC med tv\u00e5 huvudfack, det ena passande f\u00f6r laptop. Ryggs\u00e4cken har en anti-st\u00f6ld ficka samt tv\u00e5 fickor med dragkedja fram. Med vadderade, reglerbara axelremmar.<\/p>\n","protected":false},"excerpt":{"rendered":"<p>Ryggs\u00e4ck i PVC med tv\u00e5 huvudfack, det ena passande f\u00f6r laptop. Ryggs\u00e4cken har en anti-st\u00f6ld ficka samt tv\u00e5 fickor med dragkedja fram. Med vadderade, reglerbara axelremmar.<\/p>\n","protected":false},"featured_media":21102,"template":"","meta":{"_acf_changed":false,"_seopress_robots_primary_cat":"","_seopress_titles_title":"","_seopress_titles_desc":"","_seopress_robots_index":""},"product_brand":[],"product_cat":[15],"product_tag":[],"class_list":{"0":"post-21101","1":"product","2":"type-product","3":"status-publish","4":"has-post-thumbnail","6":"product_cat-okategoriserad","7":"atta45_taxonomy-elektronik-kontor-datortillbehor-sv","8":"atta45_taxonomy-tema-inspiration-ogonblick-framtiden-ar-din-sv","9":"atta45_taxonomy-textil-kontor-foretag-sv","10":"atta45_taxonomy-vaskor-resetillbehor-laptopvaskor-sv","11":"atta45_taxonomy-elektronik-kontor-portfoljer-sv","12":"atta45_taxonomy-vaskor-resetillbehor-ryggsackar-sv","13":"atta45_taxonomy-vaskor-resetillbehor-ryggsackar-axelremsvaskor-sv","14":"atta45_taxonomy-tema-inspiration-sv","15":"atta45_taxonomy-textil-vaskor-bagar-sv","16":"atta45_taxonomy-vaskor-resetillbehor-sv","18":"first","19":"instock","20":"taxable","21":"shipping-taxable","22":"purchasable","23":"product-type-variable"},"acf":[],"_links":{"self":[{"href":"https:\/\/www.atta45.se\/e-butik\/wp-json\/wp\/v2\/product\/21101","targetHints":{"allow":["GET"]}}],"collection":[{"href":"https:\/\/www.atta45.se\/e-butik\/wp-json\/wp\/v2\/product"}],"about":[{"href":"https:\/\/www.atta45.se\/e-butik\/wp-json\/wp\/v2\/types\/product"}],"wp:featuredmedia":[{"embeddable":true,"href":"https:\/\/www.atta45.se\/e-butik\/wp-json\/wp\/v2\/media\/21102"}],"wp:attachment":[{"href":"https:\/\/www.atta45.se\/e-butik\/wp-json\/wp\/v2\/media?parent=21101"}],"wp:term":[{"taxonomy":"product_brand","embeddable":true,"href":"https:\/\/www.atta45.se\/e-butik\/wp-json\/wp\/v2\/product_brand?post=21101"},{"taxonomy":"product_cat","embeddable":true,"href":"https:\/\/www.atta45.se\/e-butik\/wp-json\/wp\/v2\/product_cat?post=21101"},{"taxonomy":"product_tag","embeddable":true,"href":"https:\/\/www.atta45.se\/e-butik\/wp-json\/wp\/v2\/product_tag?post=21101"}],"curies":[{"name":"wp","href":"https:\/\/api.w.org\/{rel}","templated":true}]}}