{"id":21005,"date":"2024-12-26T15:08:23","date_gmt":"2024-12-26T14:08:23","guid":{"rendered":"https:\/\/www.atta45.se\/e-butik\/?post_type=product&#038;p=21005"},"modified":"2025-10-27T15:23:04","modified_gmt":"2025-10-27T14:23:04","slug":"tradlos-optisk-mus-i-abs","status":"publish","type":"product","link":"https:\/\/www.atta45.se\/e-butik\/produkt\/tradlos-optisk-mus-i-abs\/","title":{"rendered":"Mus tr\u00e5dl\u00f6s optisk i ABS Jodi"},"content":{"rendered":"<p>Tr\u00e5dl\u00f6s optisk datormus i ABS, 2,4 Ghz. Energibesparande mus med dold mottagare och scroll i mitten. Batterier ing\u00e5r.<\/p>\n","protected":false},"excerpt":{"rendered":"<p>Tr\u00e5dl\u00f6s optisk datormus i ABS, 2,4 Ghz. Energibesparande mus med dold mottagare och scroll i mitten. Batterier ing\u00e5r.<\/p>\n","protected":false},"featured_media":21006,"template":"","meta":{"_acf_changed":false,"_seopress_robots_primary_cat":"","_seopress_titles_title":"","_seopress_titles_desc":"","_seopress_robots_index":""},"product_brand":[],"product_cat":[15],"product_tag":[],"class_list":{"0":"post-21005","1":"product","2":"type-product","3":"status-publish","4":"has-post-thumbnail","6":"product_cat-okategoriserad","7":"atta45_taxonomy-elektronik-kontor-datortillbehor-sv","8":"atta45_taxonomy-elektronik-kontor-sv","9":"atta45_taxonomy-tema-inspiration-ogonblick-kontorsliv-sv","10":"atta45_taxonomy-tema-inspiration-sv","12":"first","13":"instock","14":"taxable","15":"shipping-taxable","16":"purchasable","17":"product-type-variable"},"acf":[],"_links":{"self":[{"href":"https:\/\/www.atta45.se\/e-butik\/wp-json\/wp\/v2\/product\/21005","targetHints":{"allow":["GET"]}}],"collection":[{"href":"https:\/\/www.atta45.se\/e-butik\/wp-json\/wp\/v2\/product"}],"about":[{"href":"https:\/\/www.atta45.se\/e-butik\/wp-json\/wp\/v2\/types\/product"}],"wp:featuredmedia":[{"embeddable":true,"href":"https:\/\/www.atta45.se\/e-butik\/wp-json\/wp\/v2\/media\/21006"}],"wp:attachment":[{"href":"https:\/\/www.atta45.se\/e-butik\/wp-json\/wp\/v2\/media?parent=21005"}],"wp:term":[{"taxonomy":"product_brand","embeddable":true,"href":"https:\/\/www.atta45.se\/e-butik\/wp-json\/wp\/v2\/product_brand?post=21005"},{"taxonomy":"product_cat","embeddable":true,"href":"https:\/\/www.atta45.se\/e-butik\/wp-json\/wp\/v2\/product_cat?post=21005"},{"taxonomy":"product_tag","embeddable":true,"href":"https:\/\/www.atta45.se\/e-butik\/wp-json\/wp\/v2\/product_tag?post=21005"}],"curies":[{"name":"wp","href":"https:\/\/api.w.org\/{rel}","templated":true}]}}