{"id":20991,"date":"2024-12-26T15:08:13","date_gmt":"2024-12-26T14:08:13","guid":{"rendered":"https:\/\/www.atta45.se\/e-butik\/?post_type=product&#038;p=20991"},"modified":"2025-10-27T15:19:22","modified_gmt":"2025-10-27T14:19:22","slug":"anti-stold-ryggsack-i-pvc-600d-300d","status":"publish","type":"product","link":"https:\/\/www.atta45.se\/e-butik\/produkt\/anti-stold-ryggsack-i-pvc-600d-300d\/","title":{"rendered":"Ryggs\u00e4ck Anti-st\u00f6ld i PVC (600D + 300D) Asim"},"content":{"rendered":"<p>Anti-st\u00f6ld ryggs\u00e4ck i melerad PVC (600D + 300D) med reglerbara och vadderade b\u00e4rremmar samt vadderad baksida mot ryggen. Stort huvudfack med dragkedja och vadderat fack f\u00f6r laptop (15&#8243;). USB-utg\u00e5ng p\u00e5 utsidan med anslutningskabel p\u00e5 insidan.<\/p>\n","protected":false},"excerpt":{"rendered":"<p>Anti-st\u00f6ld ryggs\u00e4ck i melerad PVC (600D + 300D) med reglerbara och vadderade b\u00e4rremmar samt vadderad baksida mot ryggen. Stort huvudfack med dragkedja och vadderat fack f\u00f6r laptop (15&#8243;). USB-utg\u00e5ng p\u00e5 utsidan med anslutningskabel p\u00e5 insidan.<\/p>\n","protected":false},"featured_media":20992,"template":"","meta":{"_acf_changed":false,"_seopress_robots_primary_cat":"","_seopress_titles_title":"","_seopress_titles_desc":"","_seopress_robots_index":""},"product_brand":[],"product_cat":[15],"product_tag":[],"class_list":{"0":"post-20991","1":"product","2":"type-product","3":"status-publish","4":"has-post-thumbnail","6":"product_cat-okategoriserad","7":"atta45_taxonomy-elektronik-kontor-datortillbehor-sv","8":"atta45_taxonomy-textil-kontor-foretag-sv","9":"atta45_taxonomy-vaskor-resetillbehor-laptopvaskor-sv","10":"atta45_taxonomy-elektronik-kontor-portfoljer-sv","11":"atta45_taxonomy-vaskor-resetillbehor-ryggsackar-sv","12":"atta45_taxonomy-vaskor-resetillbehor-ryggsackar-axelremsvaskor-sv","13":"atta45_taxonomy-textil-vaskor-bagar-sv","14":"atta45_taxonomy-vaskor-resetillbehor-sv","16":"first","17":"instock","18":"taxable","19":"shipping-taxable","20":"purchasable","21":"product-type-variable"},"acf":[],"_links":{"self":[{"href":"https:\/\/www.atta45.se\/e-butik\/wp-json\/wp\/v2\/product\/20991","targetHints":{"allow":["GET"]}}],"collection":[{"href":"https:\/\/www.atta45.se\/e-butik\/wp-json\/wp\/v2\/product"}],"about":[{"href":"https:\/\/www.atta45.se\/e-butik\/wp-json\/wp\/v2\/types\/product"}],"wp:featuredmedia":[{"embeddable":true,"href":"https:\/\/www.atta45.se\/e-butik\/wp-json\/wp\/v2\/media\/20992"}],"wp:attachment":[{"href":"https:\/\/www.atta45.se\/e-butik\/wp-json\/wp\/v2\/media?parent=20991"}],"wp:term":[{"taxonomy":"product_brand","embeddable":true,"href":"https:\/\/www.atta45.se\/e-butik\/wp-json\/wp\/v2\/product_brand?post=20991"},{"taxonomy":"product_cat","embeddable":true,"href":"https:\/\/www.atta45.se\/e-butik\/wp-json\/wp\/v2\/product_cat?post=20991"},{"taxonomy":"product_tag","embeddable":true,"href":"https:\/\/www.atta45.se\/e-butik\/wp-json\/wp\/v2\/product_tag?post=20991"}],"curies":[{"name":"wp","href":"https:\/\/api.w.org\/{rel}","templated":true}]}}