{"id":20921,"date":"2024-12-26T15:07:23","date_gmt":"2024-12-26T14:07:23","guid":{"rendered":"https:\/\/www.atta45.se\/e-butik\/?post_type=product&#038;p=20921"},"modified":"2025-10-27T15:07:32","modified_gmt":"2025-10-27T14:07:32","slug":"laptop-ryggsack-i-pvc","status":"publish","type":"product","link":"https:\/\/www.atta45.se\/e-butik\/produkt\/laptop-ryggsack-i-pvc\/","title":{"rendered":"Laptop-ryggs\u00e4ck i PVC Aliza"},"content":{"rendered":"<p>Ryggs\u00e4ck i PVC f\u00f6r laptop. Huvudfacket har en vadderad ficka f\u00f6r datorn, innerfickor samt en ficka med dragkedja p\u00e5 framsidan. V\u00e4skan har tv\u00e5 reglerbara axelremmar och ett handtag. Storlek: 30 x 45 x 13 cm.<\/p>\n","protected":false},"excerpt":{"rendered":"<p>Ryggs\u00e4ck i PVC f\u00f6r laptop. Huvudfacket har en vadderad ficka f\u00f6r datorn, innerfickor samt en ficka med dragkedja p\u00e5 framsidan. V\u00e4skan har tv\u00e5 reglerbara axelremmar och ett handtag. Storlek: 30 x 45 x 13 cm.<\/p>\n","protected":false},"featured_media":20922,"template":"","meta":{"_acf_changed":false,"_seopress_robots_primary_cat":"","_seopress_titles_title":"","_seopress_titles_desc":"","_seopress_robots_index":""},"product_brand":[],"product_cat":[15],"product_tag":[],"class_list":{"0":"post-20921","1":"product","2":"type-product","3":"status-publish","4":"has-post-thumbnail","6":"product_cat-okategoriserad","7":"atta45_taxonomy-tema-inspiration-ogonblick-arsslut-sv","8":"atta45_taxonomy-elektronik-kontor-datortillbehor-sv","9":"atta45_taxonomy-textil-kontor-foretag-sv","10":"atta45_taxonomy-tema-inspiration-ogonblick-kontorsliv-sv","11":"atta45_taxonomy-vaskor-resetillbehor-laptopvaskor-sv","12":"atta45_taxonomy-elektronik-kontor-portfoljer-sv","13":"atta45_taxonomy-tema-inspiration-sv","14":"atta45_taxonomy-textil-vaskor-bagar-sv","15":"atta45_taxonomy-vaskor-resetillbehor-sv","17":"first","18":"instock","19":"taxable","20":"shipping-taxable","21":"purchasable","22":"product-type-variable"},"acf":[],"_links":{"self":[{"href":"https:\/\/www.atta45.se\/e-butik\/wp-json\/wp\/v2\/product\/20921","targetHints":{"allow":["GET"]}}],"collection":[{"href":"https:\/\/www.atta45.se\/e-butik\/wp-json\/wp\/v2\/product"}],"about":[{"href":"https:\/\/www.atta45.se\/e-butik\/wp-json\/wp\/v2\/types\/product"}],"wp:featuredmedia":[{"embeddable":true,"href":"https:\/\/www.atta45.se\/e-butik\/wp-json\/wp\/v2\/media\/20922"}],"wp:attachment":[{"href":"https:\/\/www.atta45.se\/e-butik\/wp-json\/wp\/v2\/media?parent=20921"}],"wp:term":[{"taxonomy":"product_brand","embeddable":true,"href":"https:\/\/www.atta45.se\/e-butik\/wp-json\/wp\/v2\/product_brand?post=20921"},{"taxonomy":"product_cat","embeddable":true,"href":"https:\/\/www.atta45.se\/e-butik\/wp-json\/wp\/v2\/product_cat?post=20921"},{"taxonomy":"product_tag","embeddable":true,"href":"https:\/\/www.atta45.se\/e-butik\/wp-json\/wp\/v2\/product_tag?post=20921"}],"curies":[{"name":"wp","href":"https:\/\/api.w.org\/{rel}","templated":true}]}}