{"id":20729,"date":"2024-12-26T15:05:40","date_gmt":"2024-12-26T14:05:40","guid":{"rendered":"https:\/\/www.atta45.se\/e-butik\/?post_type=product&#038;p=20729"},"modified":"2025-10-27T14:24:47","modified_gmt":"2025-10-27T13:24:47","slug":"anti-stold-ryggsack-i-polyester-600d","status":"publish","type":"product","link":"https:\/\/www.atta45.se\/e-butik\/produkt\/anti-stold-ryggsack-i-polyester-600d\/","title":{"rendered":"Ryggs\u00e4ck anti-st\u00f6ld i polyester (600D) Cruz"},"content":{"rendered":"<p>Smart ryggs\u00e4ck i melerad polyester (600D) med anti-st\u00f6ld-funktioner. Stor ficka f\u00f6r laptop, flera innerfickor inklusive ficka med dragkedja, ytterficka med dragkedja i ryggen samt ett USB-uttag f\u00f6r laddare. Laddningskabel ing\u00e5r.<\/p>\n","protected":false},"excerpt":{"rendered":"<p>Smart ryggs\u00e4ck i melerad polyester (600D) med anti-st\u00f6ld-funktioner. Stor ficka f\u00f6r laptop, flera innerfickor inklusive ficka med dragkedja, ytterficka med dragkedja i ryggen samt ett USB-uttag f\u00f6r laddare. Laddningskabel ing\u00e5r.<\/p>\n","protected":false},"featured_media":20730,"template":"","meta":{"_acf_changed":false,"_seopress_robots_primary_cat":"","_seopress_titles_title":"","_seopress_titles_desc":"","_seopress_robots_index":""},"product_brand":[],"product_cat":[15],"product_tag":[],"class_list":{"0":"post-20729","1":"product","2":"type-product","3":"status-publish","4":"has-post-thumbnail","6":"product_cat-okategoriserad","7":"atta45_taxonomy-tema-inspiration-ogonblick-arsslut-sv","8":"atta45_taxonomy-elektronik-kontor-datortillbehor-sv","9":"atta45_taxonomy-textil-kontor-foretag-sv","10":"atta45_taxonomy-tema-inspiration-ogonblick-kontorsliv-sv","11":"atta45_taxonomy-vaskor-resetillbehor-laptopvaskor-sv","12":"atta45_taxonomy-tema-inspiration-speciella-trycktekniker-name-it-sv","13":"atta45_taxonomy-elektronik-kontor-portfoljer-sv","14":"atta45_taxonomy-vaskor-resetillbehor-ryggsackar-sv","15":"atta45_taxonomy-vaskor-resetillbehor-ryggsackar-axelremsvaskor-sv","16":"atta45_taxonomy-tema-inspiration-sv","17":"atta45_taxonomy-textil-vaskor-bagar-sv","18":"atta45_taxonomy-vaskor-resetillbehor-sv","20":"first","21":"instock","22":"taxable","23":"shipping-taxable","24":"purchasable","25":"product-type-variable"},"acf":[],"_links":{"self":[{"href":"https:\/\/www.atta45.se\/e-butik\/wp-json\/wp\/v2\/product\/20729","targetHints":{"allow":["GET"]}}],"collection":[{"href":"https:\/\/www.atta45.se\/e-butik\/wp-json\/wp\/v2\/product"}],"about":[{"href":"https:\/\/www.atta45.se\/e-butik\/wp-json\/wp\/v2\/types\/product"}],"wp:featuredmedia":[{"embeddable":true,"href":"https:\/\/www.atta45.se\/e-butik\/wp-json\/wp\/v2\/media\/20730"}],"wp:attachment":[{"href":"https:\/\/www.atta45.se\/e-butik\/wp-json\/wp\/v2\/media?parent=20729"}],"wp:term":[{"taxonomy":"product_brand","embeddable":true,"href":"https:\/\/www.atta45.se\/e-butik\/wp-json\/wp\/v2\/product_brand?post=20729"},{"taxonomy":"product_cat","embeddable":true,"href":"https:\/\/www.atta45.se\/e-butik\/wp-json\/wp\/v2\/product_cat?post=20729"},{"taxonomy":"product_tag","embeddable":true,"href":"https:\/\/www.atta45.se\/e-butik\/wp-json\/wp\/v2\/product_tag?post=20729"}],"curies":[{"name":"wp","href":"https:\/\/api.w.org\/{rel}","templated":true}]}}