{"id":20665,"date":"2024-12-26T15:05:02","date_gmt":"2024-12-26T14:05:02","guid":{"rendered":"https:\/\/www.atta45.se\/e-butik\/?post_type=product&#038;p=20665"},"modified":"2025-10-28T00:24:47","modified_gmt":"2025-10-27T23:24:47","slug":"rengoringsspray-30-ml-med-putsduk-i-microfiber-linda","status":"publish","type":"product","link":"https:\/\/www.atta45.se\/e-butik\/produkt\/rengoringsspray-30-ml-med-putsduk-i-microfiber-linda\/","title":{"rendered":"Reng\u00f6ringsspray (30 ml) med putsduk i microfiber Linda"},"content":{"rendered":"<p>Beh\u00e5llare med spray (30 ml) f\u00f6r reng\u00f6ring av lins och sk\u00e4rm. Den avtagbara korken har ventilationsh\u00e5l p\u00e5 ovansidan. Putsduk i microfiber (12 cm i diameter) ryms inne i korken.<\/p>\n","protected":false},"excerpt":{"rendered":"<p>Beh\u00e5llare med spray (30 ml) f\u00f6r reng\u00f6ring av lins och sk\u00e4rm. Den avtagbara korken har ventilationsh\u00e5l p\u00e5 ovansidan. Putsduk i microfiber (12 cm i diameter) ryms inne i korken.<\/p>\n","protected":false},"featured_media":20666,"template":"","meta":{"_acf_changed":false,"_seopress_robots_primary_cat":"","_seopress_titles_title":"","_seopress_titles_desc":"","_seopress_robots_index":""},"product_brand":[],"product_cat":[15],"product_tag":[],"class_list":{"0":"post-20665","1":"product","2":"type-product","3":"status-publish","4":"has-post-thumbnail","6":"product_cat-okategoriserad","7":"atta45_taxonomy-elektronik-kontor-datortillbehor-sv","8":"atta45_taxonomy-elektronik-kontor-sv","9":"atta45_taxonomy-tema-inspiration-ogonblick-kontorsliv-sv","10":"atta45_taxonomy-mobiltillbehor-mobiltillbehor-sv","11":"atta45_taxonomy-tema-inspiration-sv","13":"first","14":"instock","15":"taxable","16":"shipping-taxable","17":"purchasable","18":"product-type-variable"},"acf":[],"_links":{"self":[{"href":"https:\/\/www.atta45.se\/e-butik\/wp-json\/wp\/v2\/product\/20665","targetHints":{"allow":["GET"]}}],"collection":[{"href":"https:\/\/www.atta45.se\/e-butik\/wp-json\/wp\/v2\/product"}],"about":[{"href":"https:\/\/www.atta45.se\/e-butik\/wp-json\/wp\/v2\/types\/product"}],"wp:featuredmedia":[{"embeddable":true,"href":"https:\/\/www.atta45.se\/e-butik\/wp-json\/wp\/v2\/media\/20666"}],"wp:attachment":[{"href":"https:\/\/www.atta45.se\/e-butik\/wp-json\/wp\/v2\/media?parent=20665"}],"wp:term":[{"taxonomy":"product_brand","embeddable":true,"href":"https:\/\/www.atta45.se\/e-butik\/wp-json\/wp\/v2\/product_brand?post=20665"},{"taxonomy":"product_cat","embeddable":true,"href":"https:\/\/www.atta45.se\/e-butik\/wp-json\/wp\/v2\/product_cat?post=20665"},{"taxonomy":"product_tag","embeddable":true,"href":"https:\/\/www.atta45.se\/e-butik\/wp-json\/wp\/v2\/product_tag?post=20665"}],"curies":[{"name":"wp","href":"https:\/\/api.w.org\/{rel}","templated":true}]}}