{"id":20599,"date":"2024-12-26T15:04:24","date_gmt":"2024-12-26T14:04:24","guid":{"rendered":"https:\/\/www.atta45.se\/e-butik\/?post_type=product&#038;p=20599"},"modified":"2025-10-28T00:12:16","modified_gmt":"2025-10-27T23:12:16","slug":"charles-dickens-laptop-portfolj-i-skinn","status":"publish","type":"product","link":"https:\/\/www.atta45.se\/e-butik\/produkt\/charles-dickens-laptop-portfolj-i-skinn\/","title":{"rendered":"Laptop portf\u00f6lj Charles Dickens\u00aei skinn"},"content":{"rendered":"<p>Charles Dickens laptop portf\u00f6lj i l\u00e4der med l\u00f6stagbar axelrem som \u00e4r justerbar. L\u00e5s med nyckel. Flera fack och smarta l\u00f6sningar. Mycket god kvalit\u00e9. Klara laptop upp till 15,6&#8242;.<\/p>\n","protected":false},"excerpt":{"rendered":"<p>Charles Dickens laptop portf\u00f6lj i l\u00e4der med l\u00f6stagbar axelrem som \u00e4r justerbar. L\u00e5s med nyckel. Flera fack och smarta l\u00f6sningar. Mycket god kvalit\u00e9. Klara laptop upp till 15,6&#8242;.<\/p>\n","protected":false},"featured_media":20600,"template":"","meta":{"_acf_changed":false,"_seopress_robots_primary_cat":"","_seopress_titles_title":"","_seopress_titles_desc":"","_seopress_robots_index":""},"product_brand":[],"product_cat":[15],"product_tag":[],"class_list":{"0":"post-20599","1":"product","2":"type-product","3":"status-publish","4":"has-post-thumbnail","6":"product_cat-okategoriserad","7":"atta45_taxonomy-tema-inspiration-varumarken-charles-dickens-sv","8":"atta45_taxonomy-elektronik-kontor-datortillbehor-sv","9":"atta45_taxonomy-elektronik-kontor-dokument-skolvaskor-sv","10":"atta45_taxonomy-vaskor-resetillbehor-dokument-skolvaskor-sv","11":"atta45_taxonomy-textil-kontor-foretag-sv","12":"atta45_taxonomy-tema-inspiration-ogonblick-kontorsliv-sv","13":"atta45_taxonomy-vaskor-resetillbehor-laptopvaskor-sv","14":"atta45_taxonomy-elektronik-kontor-portfoljer-sv","15":"atta45_taxonomy-vaskor-resetillbehor-portfoljer-sv","16":"atta45_taxonomy-tema-inspiration-sv","17":"atta45_taxonomy-tema-inspiration-varumarken-sv","18":"atta45_taxonomy-textil-vaskor-bagar-sv","19":"atta45_taxonomy-vaskor-resetillbehor-sv","21":"first","22":"instock","23":"taxable","24":"shipping-taxable","25":"purchasable","26":"product-type-variable"},"acf":[],"_links":{"self":[{"href":"https:\/\/www.atta45.se\/e-butik\/wp-json\/wp\/v2\/product\/20599","targetHints":{"allow":["GET"]}}],"collection":[{"href":"https:\/\/www.atta45.se\/e-butik\/wp-json\/wp\/v2\/product"}],"about":[{"href":"https:\/\/www.atta45.se\/e-butik\/wp-json\/wp\/v2\/types\/product"}],"wp:featuredmedia":[{"embeddable":true,"href":"https:\/\/www.atta45.se\/e-butik\/wp-json\/wp\/v2\/media\/20600"}],"wp:attachment":[{"href":"https:\/\/www.atta45.se\/e-butik\/wp-json\/wp\/v2\/media?parent=20599"}],"wp:term":[{"taxonomy":"product_brand","embeddable":true,"href":"https:\/\/www.atta45.se\/e-butik\/wp-json\/wp\/v2\/product_brand?post=20599"},{"taxonomy":"product_cat","embeddable":true,"href":"https:\/\/www.atta45.se\/e-butik\/wp-json\/wp\/v2\/product_cat?post=20599"},{"taxonomy":"product_tag","embeddable":true,"href":"https:\/\/www.atta45.se\/e-butik\/wp-json\/wp\/v2\/product_tag?post=20599"}],"curies":[{"name":"wp","href":"https:\/\/api.w.org\/{rel}","templated":true}]}}