{"id":20519,"date":"2024-12-26T15:03:51","date_gmt":"2024-12-26T14:03:51","guid":{"rendered":"https:\/\/www.atta45.se\/e-butik\/?post_type=product&#038;p=20519"},"modified":"2025-10-27T23:50:25","modified_gmt":"2025-10-27T22:50:25","slug":"tradlos-laddare-i-bambu","status":"publish","type":"product","link":"https:\/\/www.atta45.se\/e-butik\/produkt\/tradlos-laddare-i-bambu\/","title":{"rendered":"Laddare tr\u00e5dl\u00f6s i bambu Claudie"},"content":{"rendered":"<p>Mobilh\u00e5llare i bambu med tr\u00e5dl\u00f6s laddare (5W). Output DC5V\/1A. Inkluderar micro USB &#8211; USB laddningskabel.<\/p>\n","protected":false},"excerpt":{"rendered":"<p>Mobilh\u00e5llare i bambu med tr\u00e5dl\u00f6s laddare (5W). Output DC5V\/1A. Inkluderar micro USB &#8211; USB laddningskabel.<\/p>\n","protected":false},"featured_media":20520,"template":"","meta":{"_acf_changed":false,"_seopress_robots_primary_cat":"","_seopress_titles_title":"","_seopress_titles_desc":"","_seopress_robots_index":""},"product_brand":[],"product_cat":[15],"product_tag":[],"class_list":{"0":"post-20519","1":"product","2":"type-product","3":"status-publish","4":"has-post-thumbnail","6":"product_cat-okategoriserad","7":"atta45_taxonomy-tema-inspiration-grona-intryck-bambu-sv","8":"atta45_taxonomy-reflexer-verktyg-sakerhet-biltillbehor-sv","9":"atta45_taxonomy-elektronik-kontor-datortillbehor-sv","10":"atta45_taxonomy-elektronik-kontor-sv","11":"atta45_taxonomy-tema-inspiration-grona-intryck-sv","12":"atta45_taxonomy-elektronik-kontor-kontorsartiklar-sv","13":"atta45_taxonomy-tema-inspiration-speciella-trycktekniker-name-it-sv","14":"atta45_taxonomy-mobiltillbehor-mobiltillbehor-sv","15":"atta45_taxonomy-elektronik-kontor-powerbank-speakers-sv","17":"first","18":"instock","19":"taxable","20":"shipping-taxable","21":"purchasable","22":"product-type-variable"},"acf":[],"_links":{"self":[{"href":"https:\/\/www.atta45.se\/e-butik\/wp-json\/wp\/v2\/product\/20519","targetHints":{"allow":["GET"]}}],"collection":[{"href":"https:\/\/www.atta45.se\/e-butik\/wp-json\/wp\/v2\/product"}],"about":[{"href":"https:\/\/www.atta45.se\/e-butik\/wp-json\/wp\/v2\/types\/product"}],"wp:featuredmedia":[{"embeddable":true,"href":"https:\/\/www.atta45.se\/e-butik\/wp-json\/wp\/v2\/media\/20520"}],"wp:attachment":[{"href":"https:\/\/www.atta45.se\/e-butik\/wp-json\/wp\/v2\/media?parent=20519"}],"wp:term":[{"taxonomy":"product_brand","embeddable":true,"href":"https:\/\/www.atta45.se\/e-butik\/wp-json\/wp\/v2\/product_brand?post=20519"},{"taxonomy":"product_cat","embeddable":true,"href":"https:\/\/www.atta45.se\/e-butik\/wp-json\/wp\/v2\/product_cat?post=20519"},{"taxonomy":"product_tag","embeddable":true,"href":"https:\/\/www.atta45.se\/e-butik\/wp-json\/wp\/v2\/product_tag?post=20519"}],"curies":[{"name":"wp","href":"https:\/\/api.w.org\/{rel}","templated":true}]}}