{"id":20471,"date":"2024-12-26T15:03:32","date_gmt":"2024-12-26T14:03:32","guid":{"rendered":"https:\/\/www.atta45.se\/e-butik\/?post_type=product&#038;p=20471"},"modified":"2025-10-27T23:32:11","modified_gmt":"2025-10-27T22:32:11","slug":"dokumentvaska-i-polyester-600d","status":"publish","type":"product","link":"https:\/\/www.atta45.se\/e-butik\/produkt\/dokumentvaska-i-polyester-600d\/","title":{"rendered":"Dokumentv\u00e4ska, i polyester (600D), Nicola"},"content":{"rendered":"<p>Dokumentv\u00e4ska i polyester (600D) med flera fack och avtagbar axelrem. Kan \u00e4ven anv\u00e4ndas som enklare laptopv\u00e4ska, klarar upp till 14&#8242;.<\/p>\n","protected":false},"excerpt":{"rendered":"<p>Dokumentv\u00e4ska i polyester (600D) med flera fack och avtagbar axelrem. Kan \u00e4ven anv\u00e4ndas som enklare laptopv\u00e4ska, klarar upp till 14&#8242;.<\/p>\n","protected":false},"featured_media":20472,"template":"","meta":{"_acf_changed":false,"_seopress_robots_primary_cat":"","_seopress_titles_title":"","_seopress_titles_desc":"","_seopress_robots_index":""},"product_brand":[],"product_cat":[15],"product_tag":[],"class_list":{"0":"post-20471","1":"product","2":"type-product","3":"status-publish","4":"has-post-thumbnail","6":"product_cat-okategoriserad","7":"atta45_taxonomy-elektronik-kontor-datortillbehor-sv","8":"atta45_taxonomy-textil-kontor-foretag-sv","9":"atta45_taxonomy-tema-inspiration-ogonblick-kontorsliv-sv","10":"atta45_taxonomy-vaskor-resetillbehor-laptopvaskor-sv","11":"atta45_taxonomy-elektronik-kontor-portfoljer-sv","12":"atta45_taxonomy-vaskor-resetillbehor-portfoljer-sv","13":"atta45_taxonomy-vaskor-resetillbehor-ryggsackar-axelremsvaskor-sv","14":"atta45_taxonomy-tema-inspiration-sv","15":"atta45_taxonomy-textil-vaskor-bagar-sv","16":"atta45_taxonomy-vaskor-resetillbehor-sv","18":"first","19":"instock","20":"taxable","21":"shipping-taxable","22":"purchasable","23":"product-type-variable"},"acf":[],"_links":{"self":[{"href":"https:\/\/www.atta45.se\/e-butik\/wp-json\/wp\/v2\/product\/20471","targetHints":{"allow":["GET"]}}],"collection":[{"href":"https:\/\/www.atta45.se\/e-butik\/wp-json\/wp\/v2\/product"}],"about":[{"href":"https:\/\/www.atta45.se\/e-butik\/wp-json\/wp\/v2\/types\/product"}],"wp:featuredmedia":[{"embeddable":true,"href":"https:\/\/www.atta45.se\/e-butik\/wp-json\/wp\/v2\/media\/20472"}],"wp:attachment":[{"href":"https:\/\/www.atta45.se\/e-butik\/wp-json\/wp\/v2\/media?parent=20471"}],"wp:term":[{"taxonomy":"product_brand","embeddable":true,"href":"https:\/\/www.atta45.se\/e-butik\/wp-json\/wp\/v2\/product_brand?post=20471"},{"taxonomy":"product_cat","embeddable":true,"href":"https:\/\/www.atta45.se\/e-butik\/wp-json\/wp\/v2\/product_cat?post=20471"},{"taxonomy":"product_tag","embeddable":true,"href":"https:\/\/www.atta45.se\/e-butik\/wp-json\/wp\/v2\/product_tag?post=20471"}],"curies":[{"name":"wp","href":"https:\/\/api.w.org\/{rel}","templated":true}]}}