{"id":20455,"date":"2024-12-26T15:03:25","date_gmt":"2024-12-26T14:03:25","guid":{"rendered":"https:\/\/www.atta45.se\/e-butik\/?post_type=product&#038;p=20455"},"modified":"2025-10-27T23:31:43","modified_gmt":"2025-10-27T22:31:43","slug":"konferensvaska-i-microfiber-1680d-for-15-laptop","status":"publish","type":"product","link":"https:\/\/www.atta45.se\/e-butik\/produkt\/konferensvaska-i-microfiber-1680d-for-15-laptop\/","title":{"rendered":"Laptop v\u00e4ska 15\u00b4, i microfiber (1680D), Shaun"},"content":{"rendered":"<p>Konferensbag i microfiber (1680d) med flera fickor, justerbar axelrem. Kan \u00e4ven anv\u00e4ndas som enklare laptopv\u00e4ska, klarar upp till 15&#8242;.<\/p>\n","protected":false},"excerpt":{"rendered":"<p>Konferensbag i microfiber (1680d) med flera fickor, justerbar axelrem. Kan \u00e4ven anv\u00e4ndas som enklare laptopv\u00e4ska, klarar upp till 15&#8242;.<\/p>\n","protected":false},"featured_media":20456,"template":"","meta":{"_acf_changed":false,"_seopress_robots_primary_cat":"","_seopress_titles_title":"","_seopress_titles_desc":"","_seopress_robots_index":""},"product_brand":[],"product_cat":[15],"product_tag":[],"class_list":{"0":"post-20455","1":"product","2":"type-product","3":"status-publish","4":"has-post-thumbnail","6":"product_cat-okategoriserad","7":"atta45_taxonomy-elektronik-kontor-datortillbehor-sv","8":"atta45_taxonomy-textil-kontor-foretag-sv","9":"atta45_taxonomy-tema-inspiration-ogonblick-kontorsliv-sv","10":"atta45_taxonomy-vaskor-resetillbehor-laptopvaskor-sv","11":"atta45_taxonomy-vaskor-resetillbehor-portfoljer-sv","12":"atta45_taxonomy-elektronik-kontor-portfoljer-sv","13":"atta45_taxonomy-vaskor-resetillbehor-ryggsackar-axelremsvaskor-sv","14":"atta45_taxonomy-tema-inspiration-sv","15":"atta45_taxonomy-textil-vaskor-bagar-sv","16":"atta45_taxonomy-vaskor-resetillbehor-sv","18":"first","19":"instock","20":"taxable","21":"shipping-taxable","22":"purchasable","23":"product-type-variable"},"acf":[],"_links":{"self":[{"href":"https:\/\/www.atta45.se\/e-butik\/wp-json\/wp\/v2\/product\/20455","targetHints":{"allow":["GET"]}}],"collection":[{"href":"https:\/\/www.atta45.se\/e-butik\/wp-json\/wp\/v2\/product"}],"about":[{"href":"https:\/\/www.atta45.se\/e-butik\/wp-json\/wp\/v2\/types\/product"}],"wp:featuredmedia":[{"embeddable":true,"href":"https:\/\/www.atta45.se\/e-butik\/wp-json\/wp\/v2\/media\/20456"}],"wp:attachment":[{"href":"https:\/\/www.atta45.se\/e-butik\/wp-json\/wp\/v2\/media?parent=20455"}],"wp:term":[{"taxonomy":"product_brand","embeddable":true,"href":"https:\/\/www.atta45.se\/e-butik\/wp-json\/wp\/v2\/product_brand?post=20455"},{"taxonomy":"product_cat","embeddable":true,"href":"https:\/\/www.atta45.se\/e-butik\/wp-json\/wp\/v2\/product_cat?post=20455"},{"taxonomy":"product_tag","embeddable":true,"href":"https:\/\/www.atta45.se\/e-butik\/wp-json\/wp\/v2\/product_tag?post=20455"}],"curies":[{"name":"wp","href":"https:\/\/api.w.org\/{rel}","templated":true}]}}