{"id":20413,"date":"2024-12-26T15:03:03","date_gmt":"2024-12-26T14:03:03","guid":{"rendered":"https:\/\/www.atta45.se\/e-butik\/?post_type=product&#038;p=20413"},"modified":"2025-10-27T23:02:56","modified_gmt":"2025-10-27T22:02:56","slug":"tradlos-laddare-bambu","status":"publish","type":"product","link":"https:\/\/www.atta45.se\/e-butik\/produkt\/tradlos-laddare-bambu\/","title":{"rendered":"Laddare, tr\u00e5dl\u00f6s, bambu, Tatum"},"content":{"rendered":"<p>Bambu tr\u00e5dl\u00f6s laddare med dubbla laddare. Ing\u00e5ng DC5V-3A, utg\u00e5ng: 2 x DC 5V \/ 1A. Inkusive kabel.<\/p>\n","protected":false},"excerpt":{"rendered":"<p>Bambu tr\u00e5dl\u00f6s laddare med dubbla laddare. Ing\u00e5ng DC5V-3A, utg\u00e5ng: 2 x DC 5V \/ 1A. Inkusive kabel.<\/p>\n","protected":false},"featured_media":20414,"template":"","meta":{"_acf_changed":false,"_seopress_robots_primary_cat":"","_seopress_titles_title":"","_seopress_titles_desc":"","_seopress_robots_index":""},"product_brand":[],"product_cat":[15],"product_tag":[],"class_list":{"0":"post-20413","1":"product","2":"type-product","3":"status-publish","4":"has-post-thumbnail","6":"product_cat-okategoriserad","7":"atta45_taxonomy-tema-inspiration-grona-intryck-bambu-sv","8":"atta45_taxonomy-elektronik-kontor-datortillbehor-sv","9":"atta45_taxonomy-tema-inspiration-grona-intryck-eco-basic-sv","10":"atta45_taxonomy-elektronik-kontor-sv","11":"atta45_taxonomy-tema-inspiration-grona-intryck-sv","12":"atta45_taxonomy-elektronik-kontor-kontorsartiklar-sv","13":"atta45_taxonomy-mobiltillbehor-mobiltillbehor-sv","14":"atta45_taxonomy-elektronik-kontor-powerbank-speakers-sv","16":"first","17":"instock","18":"taxable","19":"shipping-taxable","20":"purchasable","21":"product-type-variable"},"acf":[],"_links":{"self":[{"href":"https:\/\/www.atta45.se\/e-butik\/wp-json\/wp\/v2\/product\/20413","targetHints":{"allow":["GET"]}}],"collection":[{"href":"https:\/\/www.atta45.se\/e-butik\/wp-json\/wp\/v2\/product"}],"about":[{"href":"https:\/\/www.atta45.se\/e-butik\/wp-json\/wp\/v2\/types\/product"}],"wp:featuredmedia":[{"embeddable":true,"href":"https:\/\/www.atta45.se\/e-butik\/wp-json\/wp\/v2\/media\/20414"}],"wp:attachment":[{"href":"https:\/\/www.atta45.se\/e-butik\/wp-json\/wp\/v2\/media?parent=20413"}],"wp:term":[{"taxonomy":"product_brand","embeddable":true,"href":"https:\/\/www.atta45.se\/e-butik\/wp-json\/wp\/v2\/product_brand?post=20413"},{"taxonomy":"product_cat","embeddable":true,"href":"https:\/\/www.atta45.se\/e-butik\/wp-json\/wp\/v2\/product_cat?post=20413"},{"taxonomy":"product_tag","embeddable":true,"href":"https:\/\/www.atta45.se\/e-butik\/wp-json\/wp\/v2\/product_tag?post=20413"}],"curies":[{"name":"wp","href":"https:\/\/api.w.org\/{rel}","templated":true}]}}