{"id":20373,"date":"2024-12-26T15:02:49","date_gmt":"2024-12-26T14:02:49","guid":{"rendered":"https:\/\/www.atta45.se\/e-butik\/?post_type=product&#038;p=20373"},"modified":"2025-10-27T23:02:38","modified_gmt":"2025-10-27T22:02:38","slug":"laddkapel-4-in-1","status":"publish","type":"product","link":"https:\/\/www.atta45.se\/e-butik\/produkt\/laddkapel-4-in-1\/","title":{"rendered":"Laddkapel 4-in-1, Idris"},"content":{"rendered":"<p>Laddkabelsats 4-i-1 med krok. Satsen har en USB-, USB-C, micro-USB, och Lighting-uttag. Efter lasergravyr, t\u00e4nds loggan upp n\u00e4r kabeln anv\u00e4nds.<\/p>\n","protected":false},"excerpt":{"rendered":"<p>Laddkabelsats 4-i-1 med krok. Satsen har en USB-, USB-C, micro-USB, och Lighting-uttag. Efter lasergravyr, t\u00e4nds loggan upp n\u00e4r kabeln anv\u00e4nds.<\/p>\n","protected":false},"featured_media":20374,"template":"","meta":{"_acf_changed":false,"_seopress_robots_primary_cat":"","_seopress_titles_title":"","_seopress_titles_desc":"","_seopress_robots_index":""},"product_brand":[],"product_cat":[15],"product_tag":[],"class_list":{"0":"post-20373","1":"product","2":"type-product","3":"status-publish","4":"has-post-thumbnail","6":"product_cat-okategoriserad","7":"atta45_taxonomy-elektronik-kontor-datortillbehor-sv","8":"atta45_taxonomy-elektronik-kontor-sv","9":"atta45_taxonomy-elektronik-kontor-kontorsartiklar-sv","10":"atta45_taxonomy-mobiltillbehor-mobiltillbehor-sv","12":"first","13":"instock","14":"taxable","15":"shipping-taxable","16":"purchasable","17":"product-type-variable"},"acf":[],"_links":{"self":[{"href":"https:\/\/www.atta45.se\/e-butik\/wp-json\/wp\/v2\/product\/20373","targetHints":{"allow":["GET"]}}],"collection":[{"href":"https:\/\/www.atta45.se\/e-butik\/wp-json\/wp\/v2\/product"}],"about":[{"href":"https:\/\/www.atta45.se\/e-butik\/wp-json\/wp\/v2\/types\/product"}],"wp:featuredmedia":[{"embeddable":true,"href":"https:\/\/www.atta45.se\/e-butik\/wp-json\/wp\/v2\/media\/20374"}],"wp:attachment":[{"href":"https:\/\/www.atta45.se\/e-butik\/wp-json\/wp\/v2\/media?parent=20373"}],"wp:term":[{"taxonomy":"product_brand","embeddable":true,"href":"https:\/\/www.atta45.se\/e-butik\/wp-json\/wp\/v2\/product_brand?post=20373"},{"taxonomy":"product_cat","embeddable":true,"href":"https:\/\/www.atta45.se\/e-butik\/wp-json\/wp\/v2\/product_cat?post=20373"},{"taxonomy":"product_tag","embeddable":true,"href":"https:\/\/www.atta45.se\/e-butik\/wp-json\/wp\/v2\/product_tag?post=20373"}],"curies":[{"name":"wp","href":"https:\/\/api.w.org\/{rel}","templated":true}]}}