{"id":20357,"date":"2024-12-26T15:02:43","date_gmt":"2024-12-26T14:02:43","guid":{"rendered":"https:\/\/www.atta45.se\/e-butik\/?post_type=product&#038;p=20357"},"modified":"2025-10-27T23:02:02","modified_gmt":"2025-10-27T22:02:02","slug":"tradlos-laddare-och-klocka-bambu","status":"publish","type":"product","link":"https:\/\/www.atta45.se\/e-butik\/produkt\/tradlos-laddare-och-klocka-bambu\/","title":{"rendered":"Laddare, tr\u00e5dl\u00f6s, med klocka, bambu, Rosie"},"content":{"rendered":"<p>Bambu tr\u00e5dl\u00f6s laddare med 5W, integrerad LED-klockdisplay med vitt ljus. Laddaren har en mikro-USB-port. Knappar p\u00e5 botten f\u00f6r att st\u00e4lla in tiden. Inklusive kabel och batterier.<\/p>\n","protected":false},"excerpt":{"rendered":"<p>Bambu tr\u00e5dl\u00f6s laddare med 5W, integrerad LED-klockdisplay med vitt ljus. Laddaren har en mikro-USB-port. Knappar p\u00e5 botten f\u00f6r att st\u00e4lla in tiden. Inklusive kabel och batterier.<\/p>\n","protected":false},"featured_media":20358,"template":"","meta":{"_acf_changed":false,"_seopress_robots_primary_cat":"","_seopress_titles_title":"","_seopress_titles_desc":"","_seopress_robots_index":""},"product_brand":[],"product_cat":[15],"product_tag":[],"class_list":{"0":"post-20357","1":"product","2":"type-product","3":"status-publish","4":"has-post-thumbnail","6":"product_cat-okategoriserad","7":"atta45_taxonomy-tema-inspiration-grona-intryck-bambu-sv","8":"atta45_taxonomy-elektronik-kontor-datortillbehor-sv","9":"atta45_taxonomy-tema-inspiration-grona-intryck-eco-basic-sv","10":"atta45_taxonomy-elektronik-kontor-sv","11":"atta45_taxonomy-tema-inspiration-grona-intryck-sv","12":"atta45_taxonomy-elektronik-kontor-kontorsartiklar-sv","13":"atta45_taxonomy-tema-inspiration-speciella-trycktekniker-name-it-sv","14":"atta45_taxonomy-mobiltillbehor-mobiltillbehor-sv","15":"atta45_taxonomy-elektronik-kontor-powerbank-speakers-sv","17":"first","18":"instock","19":"taxable","20":"shipping-taxable","21":"purchasable","22":"product-type-variable"},"acf":[],"_links":{"self":[{"href":"https:\/\/www.atta45.se\/e-butik\/wp-json\/wp\/v2\/product\/20357","targetHints":{"allow":["GET"]}}],"collection":[{"href":"https:\/\/www.atta45.se\/e-butik\/wp-json\/wp\/v2\/product"}],"about":[{"href":"https:\/\/www.atta45.se\/e-butik\/wp-json\/wp\/v2\/types\/product"}],"wp:featuredmedia":[{"embeddable":true,"href":"https:\/\/www.atta45.se\/e-butik\/wp-json\/wp\/v2\/media\/20358"}],"wp:attachment":[{"href":"https:\/\/www.atta45.se\/e-butik\/wp-json\/wp\/v2\/media?parent=20357"}],"wp:term":[{"taxonomy":"product_brand","embeddable":true,"href":"https:\/\/www.atta45.se\/e-butik\/wp-json\/wp\/v2\/product_brand?post=20357"},{"taxonomy":"product_cat","embeddable":true,"href":"https:\/\/www.atta45.se\/e-butik\/wp-json\/wp\/v2\/product_cat?post=20357"},{"taxonomy":"product_tag","embeddable":true,"href":"https:\/\/www.atta45.se\/e-butik\/wp-json\/wp\/v2\/product_tag?post=20357"}],"curies":[{"name":"wp","href":"https:\/\/api.w.org\/{rel}","templated":true}]}}