{"id":20319,"date":"2024-12-26T15:02:27","date_gmt":"2024-12-26T14:02:27","guid":{"rendered":"https:\/\/www.atta45.se\/e-butik\/?post_type=product&#038;p=20319"},"modified":"2025-10-27T22:36:55","modified_gmt":"2025-10-27T21:36:55","slug":"vaska-for-laptop-i-polyester-600d","status":"publish","type":"product","link":"https:\/\/www.atta45.se\/e-butik\/produkt\/vaska-for-laptop-i-polyester-600d\/","title":{"rendered":"V\u00e4ska, f\u00f6r laptop, i polyester (600D) Valerie"},"content":{"rendered":"<p>V\u00e4ska i polyester f\u00f6r laptop, med en fr\u00e4mre ficka med dragkedja, ett stort vadderat fack inklusive en ficka med kardborrest\u00e4ngning, tv\u00e5 sm\u00e5 b\u00e4rremmar och en stor justerbar axelrem.<\/p>\n","protected":false},"excerpt":{"rendered":"<p>V\u00e4ska i polyester f\u00f6r laptop, med en fr\u00e4mre ficka med dragkedja, ett stort vadderat fack inklusive en ficka med kardborrest\u00e4ngning, tv\u00e5 sm\u00e5 b\u00e4rremmar och en stor justerbar axelrem.<\/p>\n","protected":false},"featured_media":20320,"template":"","meta":{"_acf_changed":false,"_seopress_robots_primary_cat":"","_seopress_titles_title":"","_seopress_titles_desc":"","_seopress_robots_index":""},"product_brand":[],"product_cat":[15],"product_tag":[],"class_list":{"0":"post-20319","1":"product","2":"type-product","3":"status-publish","4":"has-post-thumbnail","6":"product_cat-okategoriserad","7":"atta45_taxonomy-elektronik-kontor-datortillbehor-sv","8":"atta45_taxonomy-textil-kontor-foretag-sv","9":"atta45_taxonomy-tema-inspiration-ogonblick-kontorsliv-sv","10":"atta45_taxonomy-vaskor-resetillbehor-laptopvaskor-sv","11":"atta45_taxonomy-vaskor-resetillbehor-portfoljer-sv","12":"atta45_taxonomy-elektronik-kontor-portfoljer-sv","13":"atta45_taxonomy-tema-inspiration-sv","14":"atta45_taxonomy-textil-vaskor-bagar-sv","15":"atta45_taxonomy-vaskor-resetillbehor-sv","17":"first","18":"instock","19":"taxable","20":"shipping-taxable","21":"purchasable","22":"product-type-variable"},"acf":[],"_links":{"self":[{"href":"https:\/\/www.atta45.se\/e-butik\/wp-json\/wp\/v2\/product\/20319","targetHints":{"allow":["GET"]}}],"collection":[{"href":"https:\/\/www.atta45.se\/e-butik\/wp-json\/wp\/v2\/product"}],"about":[{"href":"https:\/\/www.atta45.se\/e-butik\/wp-json\/wp\/v2\/types\/product"}],"wp:featuredmedia":[{"embeddable":true,"href":"https:\/\/www.atta45.se\/e-butik\/wp-json\/wp\/v2\/media\/20320"}],"wp:attachment":[{"href":"https:\/\/www.atta45.se\/e-butik\/wp-json\/wp\/v2\/media?parent=20319"}],"wp:term":[{"taxonomy":"product_brand","embeddable":true,"href":"https:\/\/www.atta45.se\/e-butik\/wp-json\/wp\/v2\/product_brand?post=20319"},{"taxonomy":"product_cat","embeddable":true,"href":"https:\/\/www.atta45.se\/e-butik\/wp-json\/wp\/v2\/product_cat?post=20319"},{"taxonomy":"product_tag","embeddable":true,"href":"https:\/\/www.atta45.se\/e-butik\/wp-json\/wp\/v2\/product_tag?post=20319"}],"curies":[{"name":"wp","href":"https:\/\/api.w.org\/{rel}","templated":true}]}}