{"id":20291,"date":"2024-12-26T15:02:13","date_gmt":"2024-12-26T14:02:13","guid":{"rendered":"https:\/\/www.atta45.se\/e-butik\/?post_type=product&#038;p=20291"},"modified":"2025-10-27T20:26:11","modified_gmt":"2025-10-27T19:26:11","slug":"laddningskabel-av-nylon-100-w-gerd","status":"publish","type":"product","link":"https:\/\/www.atta45.se\/e-butik\/produkt\/laddningskabel-av-nylon-100-w-gerd\/","title":{"rendered":"Laddningskabel av nylon (100 W) Gerd"},"content":{"rendered":"<p>Laddkabel i nylon med aluminiumuttag. L\u00e4ngd: 1 meter. USB-C till USB-C. Kapacitet: 100 W. Bl\u00e5tt indikeringsljus f\u00f6r laddningshastighet p\u00e5 ett uttag. Individuellt f\u00f6rpackad i brun kartong. Data\u00f6verf\u00f6ringshastighet 480 Mbps.<\/p>\n","protected":false},"excerpt":{"rendered":"<p>Laddkabel i nylon med aluminiumuttag. L\u00e4ngd: 1 meter. USB-C till USB-C. Kapacitet: 100 W. Bl\u00e5tt indikeringsljus f\u00f6r laddningshastighet p\u00e5 ett uttag. Individuellt f\u00f6rpackad i brun kartong. Data\u00f6verf\u00f6ringshastighet 480 Mbps.<\/p>\n","protected":false},"featured_media":20292,"template":"","meta":{"_acf_changed":false,"_seopress_robots_primary_cat":"","_seopress_titles_title":"","_seopress_titles_desc":"","_seopress_robots_index":""},"product_brand":[],"product_cat":[15],"product_tag":[],"class_list":{"0":"post-20291","1":"product","2":"type-product","3":"status-publish","4":"has-post-thumbnail","6":"product_cat-okategoriserad","7":"atta45_taxonomy-elektronik-kontor-datortillbehor-sv","8":"atta45_taxonomy-elektronik-kontor-sv","9":"atta45_taxonomy-elektronik-kontor-kontorsartiklar-sv","10":"atta45_taxonomy-mobiltillbehor-mobiltillbehor-sv","11":"atta45_taxonomy-nyheter-sv","12":"atta45_taxonomy-tema-inspiration-utvalda-produkter-nyheter-sv","13":"atta45_taxonomy-elektronik-kontor-powerbank-speakers-sv","15":"first","16":"instock","17":"taxable","18":"shipping-taxable","19":"purchasable","20":"product-type-variable"},"acf":[],"_links":{"self":[{"href":"https:\/\/www.atta45.se\/e-butik\/wp-json\/wp\/v2\/product\/20291","targetHints":{"allow":["GET"]}}],"collection":[{"href":"https:\/\/www.atta45.se\/e-butik\/wp-json\/wp\/v2\/product"}],"about":[{"href":"https:\/\/www.atta45.se\/e-butik\/wp-json\/wp\/v2\/types\/product"}],"wp:featuredmedia":[{"embeddable":true,"href":"https:\/\/www.atta45.se\/e-butik\/wp-json\/wp\/v2\/media\/20292"}],"wp:attachment":[{"href":"https:\/\/www.atta45.se\/e-butik\/wp-json\/wp\/v2\/media?parent=20291"}],"wp:term":[{"taxonomy":"product_brand","embeddable":true,"href":"https:\/\/www.atta45.se\/e-butik\/wp-json\/wp\/v2\/product_brand?post=20291"},{"taxonomy":"product_cat","embeddable":true,"href":"https:\/\/www.atta45.se\/e-butik\/wp-json\/wp\/v2\/product_cat?post=20291"},{"taxonomy":"product_tag","embeddable":true,"href":"https:\/\/www.atta45.se\/e-butik\/wp-json\/wp\/v2\/product_tag?post=20291"}],"curies":[{"name":"wp","href":"https:\/\/api.w.org\/{rel}","templated":true}]}}