{"id":20263,"date":"2024-12-26T15:02:01","date_gmt":"2024-12-26T14:02:01","guid":{"rendered":"https:\/\/www.atta45.se\/e-butik\/?post_type=product&#038;p=20263"},"modified":"2025-10-27T20:21:36","modified_gmt":"2025-10-27T19:21:36","slug":"laptopvaska-i-bomull-220-gr-m%c2%b2-dirk","status":"publish","type":"product","link":"https:\/\/www.atta45.se\/e-butik\/produkt\/laptopvaska-i-bomull-220-gr-m%c2%b2-dirk\/","title":{"rendered":"Laptopv\u00e4ska i bomull (220 gr\/m\u00b2)  Dirk"},"content":{"rendered":"<p>Laptopv\u00e4ska i bomull (220 gr\/m\u00b2)  med bomullsfoder (120 gr\/m\u00b2) och st\u00e4ngning av bambu och rep. L\u00e4mplig f\u00f6r en 15-tums b\u00e4rbar dator.&#8221;<\/p>\n","protected":false},"excerpt":{"rendered":"<p>Laptopv\u00e4ska i bomull (220 gr\/m\u00b2) med bomullsfoder (120 gr\/m\u00b2) och st\u00e4ngning av bambu och rep. L\u00e4mplig f\u00f6r en 15-tums b\u00e4rbar dator.&#8221;<\/p>\n","protected":false},"featured_media":20264,"template":"","meta":{"_acf_changed":false,"_seopress_robots_primary_cat":"","_seopress_titles_title":"","_seopress_titles_desc":"","_seopress_robots_index":""},"product_brand":[],"product_cat":[15],"product_tag":[],"class_list":{"0":"post-20263","1":"product","2":"type-product","3":"status-publish","4":"has-post-thumbnail","6":"product_cat-okategoriserad","7":"atta45_taxonomy-elektronik-kontor-datortillbehor-sv","8":"atta45_taxonomy-textil-kontor-foretag-sv","9":"atta45_taxonomy-vaskor-resetillbehor-laptopvaskor-sv","10":"atta45_taxonomy-tema-inspiration-utvalda-produkter-nyheter-sv","11":"atta45_taxonomy-nyheter-sv","12":"atta45_taxonomy-elektronik-kontor-portfoljer-sv","13":"atta45_taxonomy-textil-vaskor-bagar-sv","14":"atta45_taxonomy-vaskor-resetillbehor-sv","16":"first","17":"instock","18":"taxable","19":"shipping-taxable","20":"purchasable","21":"product-type-variable"},"acf":[],"_links":{"self":[{"href":"https:\/\/www.atta45.se\/e-butik\/wp-json\/wp\/v2\/product\/20263","targetHints":{"allow":["GET"]}}],"collection":[{"href":"https:\/\/www.atta45.se\/e-butik\/wp-json\/wp\/v2\/product"}],"about":[{"href":"https:\/\/www.atta45.se\/e-butik\/wp-json\/wp\/v2\/types\/product"}],"wp:featuredmedia":[{"embeddable":true,"href":"https:\/\/www.atta45.se\/e-butik\/wp-json\/wp\/v2\/media\/20264"}],"wp:attachment":[{"href":"https:\/\/www.atta45.se\/e-butik\/wp-json\/wp\/v2\/media?parent=20263"}],"wp:term":[{"taxonomy":"product_brand","embeddable":true,"href":"https:\/\/www.atta45.se\/e-butik\/wp-json\/wp\/v2\/product_brand?post=20263"},{"taxonomy":"product_cat","embeddable":true,"href":"https:\/\/www.atta45.se\/e-butik\/wp-json\/wp\/v2\/product_cat?post=20263"},{"taxonomy":"product_tag","embeddable":true,"href":"https:\/\/www.atta45.se\/e-butik\/wp-json\/wp\/v2\/product_tag?post=20263"}],"curies":[{"name":"wp","href":"https:\/\/api.w.org\/{rel}","templated":true}]}}