{"id":20231,"date":"2024-12-26T15:01:48","date_gmt":"2024-12-26T14:01:48","guid":{"rendered":"https:\/\/www.atta45.se\/e-butik\/?post_type=product&#038;p=20231"},"modified":"2025-10-27T20:14:57","modified_gmt":"2025-10-27T19:14:57","slug":"ryggsack-i-rpet-600d-henrik","status":"publish","type":"product","link":"https:\/\/www.atta45.se\/e-butik\/produkt\/ryggsack-i-rpet-600d-henrik\/","title":{"rendered":"Ryggs\u00e4ck i rPET (600D) Henrik"},"content":{"rendered":"<p>rPET (600D) ryggs\u00e4ck med USB-port\u00f6ppning (och USB-kabel inuti) med ett stort fack med dragkedja p\u00e5 ovansidan och en ficka med dragkedja p\u00e5 framsidan. Inuti finns ett fack f\u00f6r 10-tumsenheter och ett f\u00f6r 15-tumsenheter. Med justerbara handtag.<\/p>\n","protected":false},"excerpt":{"rendered":"<p>rPET (600D) ryggs\u00e4ck med USB-port\u00f6ppning (och USB-kabel inuti) med ett stort fack med dragkedja p\u00e5 ovansidan och en ficka med dragkedja p\u00e5 framsidan. Inuti finns ett fack f\u00f6r 10-tumsenheter och ett f\u00f6r 15-tumsenheter. Med justerbara handtag.<\/p>\n","protected":false},"featured_media":20232,"template":"","meta":{"_acf_changed":false,"_seopress_robots_primary_cat":"","_seopress_titles_title":"","_seopress_titles_desc":"","_seopress_robots_index":""},"product_brand":[],"product_cat":[15],"product_tag":[],"class_list":{"0":"post-20231","1":"product","2":"type-product","3":"status-publish","4":"has-post-thumbnail","6":"product_cat-okategoriserad","7":"atta45_taxonomy-elektronik-kontor-datortillbehor-sv","8":"atta45_taxonomy-tema-inspiration-grona-intryck-eko-vaskor-sv","9":"atta45_taxonomy-tema-inspiration-grona-intryck-sv","10":"atta45_taxonomy-kassar-pasar-kassar-sv","11":"atta45_taxonomy-textil-kontor-foretag-sv","12":"atta45_taxonomy-tema-inspiration-ogonblick-kontorsliv-sv","13":"atta45_taxonomy-vaskor-resetillbehor-laptopvaskor-sv","14":"atta45_taxonomy-nyheter-sv","15":"atta45_taxonomy-tema-inspiration-utvalda-produkter-nyheter-sv","16":"atta45_taxonomy-textil-organiskt-sv","17":"atta45_taxonomy-elektronik-kontor-portfoljer-sv","18":"atta45_taxonomy-vaskor-resetillbehor-ryggsackar-sv","19":"atta45_taxonomy-vaskor-resetillbehor-ryggsackar-axelremsvaskor-sv","20":"atta45_taxonomy-tema-inspiration-ogonblick-skoldags-sv","21":"atta45_taxonomy-tema-inspiration-sv","22":"atta45_taxonomy-textil-vaskor-bagar-sv","23":"atta45_taxonomy-vaskor-resetillbehor-sv","25":"first","26":"instock","27":"taxable","28":"shipping-taxable","29":"purchasable","30":"product-type-variable"},"acf":[],"_links":{"self":[{"href":"https:\/\/www.atta45.se\/e-butik\/wp-json\/wp\/v2\/product\/20231","targetHints":{"allow":["GET"]}}],"collection":[{"href":"https:\/\/www.atta45.se\/e-butik\/wp-json\/wp\/v2\/product"}],"about":[{"href":"https:\/\/www.atta45.se\/e-butik\/wp-json\/wp\/v2\/types\/product"}],"wp:featuredmedia":[{"embeddable":true,"href":"https:\/\/www.atta45.se\/e-butik\/wp-json\/wp\/v2\/media\/20232"}],"wp:attachment":[{"href":"https:\/\/www.atta45.se\/e-butik\/wp-json\/wp\/v2\/media?parent=20231"}],"wp:term":[{"taxonomy":"product_brand","embeddable":true,"href":"https:\/\/www.atta45.se\/e-butik\/wp-json\/wp\/v2\/product_brand?post=20231"},{"taxonomy":"product_cat","embeddable":true,"href":"https:\/\/www.atta45.se\/e-butik\/wp-json\/wp\/v2\/product_cat?post=20231"},{"taxonomy":"product_tag","embeddable":true,"href":"https:\/\/www.atta45.se\/e-butik\/wp-json\/wp\/v2\/product_tag?post=20231"}],"curies":[{"name":"wp","href":"https:\/\/api.w.org\/{rel}","templated":true}]}}