{"id":20181,"date":"2024-12-26T15:01:25","date_gmt":"2024-12-26T14:01:25","guid":{"rendered":"https:\/\/www.atta45.se\/e-butik\/?post_type=product&#038;p=20181"},"modified":"2025-10-27T19:57:47","modified_gmt":"2025-10-27T18:57:47","slug":"laptop-ryggsack-i-polyester-600d-nicolas","status":"publish","type":"product","link":"https:\/\/www.atta45.se\/e-butik\/produkt\/laptop-ryggsack-i-polyester-600d-nicolas\/","title":{"rendered":"Laptop-ryggs\u00e4ck i Polyester (600D) Nicolas"},"content":{"rendered":"<p>Polyesterryggs\u00e4ck i tv\u00e5 toner (600D). Tv\u00e5 fickor med dragkedja p\u00e5 framsidan och tv\u00e5 stora fack med dragkedja p\u00e5 ovansidan, med en laptopficka inv\u00e4ndigt. Ryggs\u00e4cken \u00e4r f\u00f6rst\u00e4rkt och inkluderar en trolleyrem.<\/p>\n","protected":false},"excerpt":{"rendered":"<p>Polyesterryggs\u00e4ck i tv\u00e5 toner (600D). Tv\u00e5 fickor med dragkedja p\u00e5 framsidan och tv\u00e5 stora fack med dragkedja p\u00e5 ovansidan, med en laptopficka inv\u00e4ndigt. Ryggs\u00e4cken \u00e4r f\u00f6rst\u00e4rkt och inkluderar en trolleyrem.<\/p>\n","protected":false},"featured_media":20182,"template":"","meta":{"_acf_changed":false,"_seopress_robots_primary_cat":"","_seopress_titles_title":"","_seopress_titles_desc":"","_seopress_robots_index":""},"product_brand":[],"product_cat":[15],"product_tag":[],"class_list":{"0":"post-20181","1":"product","2":"type-product","3":"status-publish","4":"has-post-thumbnail","6":"product_cat-okategoriserad","7":"atta45_taxonomy-elektronik-kontor-datortillbehor-sv","8":"atta45_taxonomy-textil-kontor-foretag-sv","9":"atta45_taxonomy-tema-inspiration-ogonblick-kontorsliv-sv","10":"atta45_taxonomy-vaskor-resetillbehor-laptopvaskor-sv","11":"atta45_taxonomy-tema-inspiration-utvalda-produkter-nyheter-sv","12":"atta45_taxonomy-nyheter-sv","13":"atta45_taxonomy-elektronik-kontor-portfoljer-sv","14":"atta45_taxonomy-vaskor-resetillbehor-ryggsackar-sv","15":"atta45_taxonomy-vaskor-resetillbehor-ryggsackar-axelremsvaskor-sv","16":"atta45_taxonomy-tema-inspiration-sv","17":"atta45_taxonomy-textil-vaskor-bagar-sv","18":"atta45_taxonomy-vaskor-resetillbehor-sv","20":"first","21":"instock","22":"taxable","23":"shipping-taxable","24":"purchasable","25":"product-type-variable"},"acf":[],"_links":{"self":[{"href":"https:\/\/www.atta45.se\/e-butik\/wp-json\/wp\/v2\/product\/20181","targetHints":{"allow":["GET"]}}],"collection":[{"href":"https:\/\/www.atta45.se\/e-butik\/wp-json\/wp\/v2\/product"}],"about":[{"href":"https:\/\/www.atta45.se\/e-butik\/wp-json\/wp\/v2\/types\/product"}],"wp:featuredmedia":[{"embeddable":true,"href":"https:\/\/www.atta45.se\/e-butik\/wp-json\/wp\/v2\/media\/20182"}],"wp:attachment":[{"href":"https:\/\/www.atta45.se\/e-butik\/wp-json\/wp\/v2\/media?parent=20181"}],"wp:term":[{"taxonomy":"product_brand","embeddable":true,"href":"https:\/\/www.atta45.se\/e-butik\/wp-json\/wp\/v2\/product_brand?post=20181"},{"taxonomy":"product_cat","embeddable":true,"href":"https:\/\/www.atta45.se\/e-butik\/wp-json\/wp\/v2\/product_cat?post=20181"},{"taxonomy":"product_tag","embeddable":true,"href":"https:\/\/www.atta45.se\/e-butik\/wp-json\/wp\/v2\/product_tag?post=20181"}],"curies":[{"name":"wp","href":"https:\/\/api.w.org\/{rel}","templated":true}]}}