{"id":20137,"date":"2024-12-26T15:01:03","date_gmt":"2024-12-26T14:01:03","guid":{"rendered":"https:\/\/www.atta45.se\/e-butik\/?post_type=product&#038;p=20137"},"modified":"2025-10-27T19:54:40","modified_gmt":"2025-10-27T18:54:40","slug":"laptopvaska-av-polyester-600d-seraphine","status":"publish","type":"product","link":"https:\/\/www.atta45.se\/e-butik\/produkt\/laptopvaska-av-polyester-600d-seraphine\/","title":{"rendered":"Laptopv\u00e4ska av polyester (600D) Seraphine"},"content":{"rendered":"<p>Laptopv\u00e4ska av polyester (600D) f\u00f6r 15-tums laptop. Stort dragkedjef\u00f6rsett fack. Dragkedjef\u00f6rsett fack p\u00e5 framsidan. Handtag och justerbar axelrem.<\/p>\n","protected":false},"excerpt":{"rendered":"<p>Laptopv\u00e4ska av polyester (600D) f\u00f6r 15-tums laptop. Stort dragkedjef\u00f6rsett fack. Dragkedjef\u00f6rsett fack p\u00e5 framsidan. Handtag och justerbar axelrem.<\/p>\n","protected":false},"featured_media":20138,"template":"","meta":{"_acf_changed":false,"_seopress_robots_primary_cat":"","_seopress_titles_title":"","_seopress_titles_desc":"","_seopress_robots_index":""},"product_brand":[],"product_cat":[15],"product_tag":[],"class_list":{"0":"post-20137","1":"product","2":"type-product","3":"status-publish","4":"has-post-thumbnail","6":"product_cat-okategoriserad","7":"atta45_taxonomy-reflexer-verktyg-sakerhet-biltillbehor-sv","8":"atta45_taxonomy-elektronik-kontor-datortillbehor-sv","9":"atta45_taxonomy-tema-inspiration-branscher-fordonsindustrin-sv","10":"atta45_taxonomy-textil-kontor-foretag-sv","11":"atta45_taxonomy-tema-inspiration-ogonblick-kontorsliv-sv","12":"atta45_taxonomy-vaskor-resetillbehor-laptopvaskor-sv","13":"atta45_taxonomy-tema-inspiration-utvalda-produkter-nyheter-sv","14":"atta45_taxonomy-nyheter-sv","15":"atta45_taxonomy-elektronik-kontor-portfoljer-sv","16":"atta45_taxonomy-tema-inspiration-sv","17":"atta45_taxonomy-tema-inspiration-branscher-utbildning-sv","18":"atta45_taxonomy-textil-vaskor-bagar-sv","19":"atta45_taxonomy-vaskor-resetillbehor-sv","21":"first","22":"instock","23":"taxable","24":"shipping-taxable","25":"purchasable","26":"product-type-variable"},"acf":[],"_links":{"self":[{"href":"https:\/\/www.atta45.se\/e-butik\/wp-json\/wp\/v2\/product\/20137","targetHints":{"allow":["GET"]}}],"collection":[{"href":"https:\/\/www.atta45.se\/e-butik\/wp-json\/wp\/v2\/product"}],"about":[{"href":"https:\/\/www.atta45.se\/e-butik\/wp-json\/wp\/v2\/types\/product"}],"wp:featuredmedia":[{"embeddable":true,"href":"https:\/\/www.atta45.se\/e-butik\/wp-json\/wp\/v2\/media\/20138"}],"wp:attachment":[{"href":"https:\/\/www.atta45.se\/e-butik\/wp-json\/wp\/v2\/media?parent=20137"}],"wp:term":[{"taxonomy":"product_brand","embeddable":true,"href":"https:\/\/www.atta45.se\/e-butik\/wp-json\/wp\/v2\/product_brand?post=20137"},{"taxonomy":"product_cat","embeddable":true,"href":"https:\/\/www.atta45.se\/e-butik\/wp-json\/wp\/v2\/product_cat?post=20137"},{"taxonomy":"product_tag","embeddable":true,"href":"https:\/\/www.atta45.se\/e-butik\/wp-json\/wp\/v2\/product_tag?post=20137"}],"curies":[{"name":"wp","href":"https:\/\/api.w.org\/{rel}","templated":true}]}}