{"id":20127,"date":"2024-12-26T15:00:58","date_gmt":"2024-12-26T14:00:58","guid":{"rendered":"https:\/\/www.atta45.se\/e-butik\/?post_type=product&#038;p=20127"},"modified":"2025-10-27T19:54:16","modified_gmt":"2025-10-27T18:54:16","slug":"rpet-290t-polyester-twill-ryggsekk-marlowe","status":"publish","type":"product","link":"https:\/\/www.atta45.se\/e-butik\/produkt\/rpet-290t-polyester-twill-ryggsekk-marlowe\/","title":{"rendered":"RPET (290T) polyester twill ryggsekk Marlowe"},"content":{"rendered":"<p>Flap-ryggs\u00e4ck av RPET-polyestertwill (290T). PU-remmar. Tv\u00e5 flaskfickor p\u00e5 sidorna. Magnetst\u00e4ngd ficka p\u00e5 framsidan. Dragsn\u00f6re f\u00f6r st\u00e4ngning av innerfickan. Laptopfack (15 tum) och vanlig ficka. Trolleyrem p\u00e5 baksidan. Vattenavst\u00f6tande bel\u00e4ggning.<\/p>\n","protected":false},"excerpt":{"rendered":"<p>Flap-ryggs\u00e4ck av RPET-polyestertwill (290T). PU-remmar. Tv\u00e5 flaskfickor p\u00e5 sidorna. Magnetst\u00e4ngd ficka p\u00e5 framsidan. Dragsn\u00f6re f\u00f6r st\u00e4ngning av innerfickan. Laptopfack (15 tum) och vanlig ficka. Trolleyrem p\u00e5 baksidan. Vattenavst\u00f6tande bel\u00e4ggning.<\/p>\n","protected":false},"featured_media":20128,"template":"","meta":{"_acf_changed":false,"_seopress_robots_primary_cat":"","_seopress_titles_title":"","_seopress_titles_desc":"","_seopress_robots_index":""},"product_brand":[],"product_cat":[15],"product_tag":[],"class_list":{"0":"post-20127","1":"product","2":"type-product","3":"status-publish","4":"has-post-thumbnail","6":"product_cat-okategoriserad","7":"atta45_taxonomy-elektronik-kontor-datortillbehor-sv","8":"atta45_taxonomy-tema-inspiration-grona-intryck-eko-vaskor-sv","9":"atta45_taxonomy-tema-inspiration-grona-intryck-sv","10":"atta45_taxonomy-kassar-pasar-kassar-sv","11":"atta45_taxonomy-textil-kontor-foretag-sv","12":"atta45_taxonomy-vaskor-resetillbehor-laptopvaskor-sv","13":"atta45_taxonomy-tema-inspiration-utvalda-produkter-nyheter-sv","14":"atta45_taxonomy-nyheter-sv","15":"atta45_taxonomy-textil-organiskt-sv","16":"atta45_taxonomy-elektronik-kontor-portfoljer-sv","17":"atta45_taxonomy-vaskor-resetillbehor-ryggsackar-sv","18":"atta45_taxonomy-vaskor-resetillbehor-ryggsackar-axelremsvaskor-sv","19":"atta45_taxonomy-textil-vaskor-bagar-sv","20":"atta45_taxonomy-vaskor-resetillbehor-sv","22":"first","23":"instock","24":"taxable","25":"shipping-taxable","26":"purchasable","27":"product-type-variable"},"acf":[],"_links":{"self":[{"href":"https:\/\/www.atta45.se\/e-butik\/wp-json\/wp\/v2\/product\/20127","targetHints":{"allow":["GET"]}}],"collection":[{"href":"https:\/\/www.atta45.se\/e-butik\/wp-json\/wp\/v2\/product"}],"about":[{"href":"https:\/\/www.atta45.se\/e-butik\/wp-json\/wp\/v2\/types\/product"}],"wp:featuredmedia":[{"embeddable":true,"href":"https:\/\/www.atta45.se\/e-butik\/wp-json\/wp\/v2\/media\/20128"}],"wp:attachment":[{"href":"https:\/\/www.atta45.se\/e-butik\/wp-json\/wp\/v2\/media?parent=20127"}],"wp:term":[{"taxonomy":"product_brand","embeddable":true,"href":"https:\/\/www.atta45.se\/e-butik\/wp-json\/wp\/v2\/product_brand?post=20127"},{"taxonomy":"product_cat","embeddable":true,"href":"https:\/\/www.atta45.se\/e-butik\/wp-json\/wp\/v2\/product_cat?post=20127"},{"taxonomy":"product_tag","embeddable":true,"href":"https:\/\/www.atta45.se\/e-butik\/wp-json\/wp\/v2\/product_tag?post=20127"}],"curies":[{"name":"wp","href":"https:\/\/api.w.org\/{rel}","templated":true}]}}