{"id":20065,"date":"2024-12-26T15:00:26","date_gmt":"2024-12-26T14:00:26","guid":{"rendered":"https:\/\/www.atta45.se\/e-butik\/?post_type=product&#038;p=20065"},"modified":"2025-10-27T19:39:58","modified_gmt":"2025-10-27T18:39:58","slug":"duffelvaska-i-polyester-600d-jaylen","status":"publish","type":"product","link":"https:\/\/www.atta45.se\/e-butik\/produkt\/duffelvaska-i-polyester-600d-jaylen\/","title":{"rendered":"Duffelv\u00e4ska i polyester (600D) Jaylen"},"content":{"rendered":"<p>Duffelv\u00e4ska i polyester (600D). 210D polyester p\u00e5 dragkedjan, belagd med 600D polyester. Vattenavvisande, dragkedja ing\u00e5r. Justerbara remmar och korta handtag. Med flera fack, fack f\u00f6r skor p\u00e5 sidan. F\u00f6rst\u00e4rkt botten.<\/p>\n","protected":false},"excerpt":{"rendered":"<p>Duffelv\u00e4ska i polyester (600D). 210D polyester p\u00e5 dragkedjan, belagd med 600D polyester. Vattenavvisande, dragkedja ing\u00e5r. Justerbara remmar och korta handtag. Med flera fack, fack f\u00f6r skor p\u00e5 sidan. F\u00f6rst\u00e4rkt botten.<\/p>\n","protected":false},"featured_media":20066,"template":"","meta":{"_acf_changed":false,"_seopress_robots_primary_cat":"","_seopress_titles_title":"","_seopress_titles_desc":"","_seopress_robots_index":""},"product_brand":[],"product_cat":[15],"product_tag":[],"class_list":{"0":"post-20065","1":"product","2":"type-product","3":"status-publish","4":"has-post-thumbnail","6":"product_cat-okategoriserad","7":"atta45_taxonomy-elektronik-kontor-datortillbehor-sv","8":"atta45_taxonomy-kassar-pasar-kassar-sv","9":"atta45_taxonomy-textil-kontor-foretag-sv","10":"atta45_taxonomy-tema-inspiration-ogonblick-kontorsliv-sv","11":"atta45_taxonomy-vaskor-resetillbehor-laptopvaskor-sv","12":"atta45_taxonomy-tema-inspiration-utvalda-produkter-nyheter-sv","13":"atta45_taxonomy-nyheter-sv","14":"atta45_taxonomy-tema-inspiration-ogonblick-pa-vagen-sv","15":"atta45_taxonomy-elektronik-kontor-portfoljer-sv","16":"atta45_taxonomy-vaskor-resetillbehor-researtiklar-sv","17":"atta45_taxonomy-tema-inspiration-sv","18":"atta45_taxonomy-textil-vaskor-bagar-sv","19":"atta45_taxonomy-vaskor-resetillbehor-sv","21":"first","22":"instock","23":"taxable","24":"shipping-taxable","25":"purchasable","26":"product-type-variable"},"acf":[],"_links":{"self":[{"href":"https:\/\/www.atta45.se\/e-butik\/wp-json\/wp\/v2\/product\/20065","targetHints":{"allow":["GET"]}}],"collection":[{"href":"https:\/\/www.atta45.se\/e-butik\/wp-json\/wp\/v2\/product"}],"about":[{"href":"https:\/\/www.atta45.se\/e-butik\/wp-json\/wp\/v2\/types\/product"}],"wp:featuredmedia":[{"embeddable":true,"href":"https:\/\/www.atta45.se\/e-butik\/wp-json\/wp\/v2\/media\/20066"}],"wp:attachment":[{"href":"https:\/\/www.atta45.se\/e-butik\/wp-json\/wp\/v2\/media?parent=20065"}],"wp:term":[{"taxonomy":"product_brand","embeddable":true,"href":"https:\/\/www.atta45.se\/e-butik\/wp-json\/wp\/v2\/product_brand?post=20065"},{"taxonomy":"product_cat","embeddable":true,"href":"https:\/\/www.atta45.se\/e-butik\/wp-json\/wp\/v2\/product_cat?post=20065"},{"taxonomy":"product_tag","embeddable":true,"href":"https:\/\/www.atta45.se\/e-butik\/wp-json\/wp\/v2\/product_tag?post=20065"}],"curies":[{"name":"wp","href":"https:\/\/api.w.org\/{rel}","templated":true}]}}