{"id":20055,"date":"2024-12-26T15:00:21","date_gmt":"2024-12-26T14:00:21","guid":{"rendered":"https:\/\/www.atta45.se\/e-butik\/?post_type=product&#038;p=20055"},"modified":"2025-10-27T19:32:30","modified_gmt":"2025-10-27T18:32:30","slug":"laptop-vaska-i-bomull-iker","status":"publish","type":"product","link":"https:\/\/www.atta45.se\/e-butik\/produkt\/laptop-vaska-i-bomull-iker\/","title":{"rendered":"Laptop-v\u00e4ska i bomull Iker"},"content":{"rendered":"<p>Laptop-v\u00e4ska av bomull (340 gsm) f\u00f6r 15 tum dator. En stor dragkedjef\u00f6rsedd fack, liten framficka med dragkedja. Tv\u00e5 korta handtag och en justerbar axelrem.<\/p>\n","protected":false},"excerpt":{"rendered":"<p>Laptop-v\u00e4ska av bomull (340 gsm) f\u00f6r 15 tum dator. En stor dragkedjef\u00f6rsedd fack, liten framficka med dragkedja. Tv\u00e5 korta handtag och en justerbar axelrem.<\/p>\n","protected":false},"featured_media":20056,"template":"","meta":{"_acf_changed":false,"_seopress_robots_primary_cat":"","_seopress_titles_title":"","_seopress_titles_desc":"","_seopress_robots_index":""},"product_brand":[],"product_cat":[15],"product_tag":[],"class_list":{"0":"post-20055","1":"product","2":"type-product","3":"status-publish","4":"has-post-thumbnail","6":"product_cat-okategoriserad","7":"atta45_taxonomy-elektronik-kontor-datortillbehor-sv","8":"atta45_taxonomy-tema-inspiration-grona-intryck-eko-vaskor-sv","9":"atta45_taxonomy-tema-inspiration-grona-intryck-sv","10":"atta45_taxonomy-textil-kontor-foretag-sv","11":"atta45_taxonomy-tema-inspiration-ogonblick-kontorsliv-sv","12":"atta45_taxonomy-tema-inspiration-grona-intryck-kork-sv","13":"atta45_taxonomy-vaskor-resetillbehor-laptopvaskor-sv","14":"atta45_taxonomy-tema-inspiration-utvalda-produkter-nyheter-sv","15":"atta45_taxonomy-nyheter-sv","16":"atta45_taxonomy-elektronik-kontor-portfoljer-sv","17":"atta45_taxonomy-tema-inspiration-ogonblick-skoldags-sv","18":"atta45_taxonomy-tema-inspiration-sv","19":"atta45_taxonomy-textil-vaskor-bagar-sv","20":"atta45_taxonomy-vaskor-resetillbehor-sv","22":"first","23":"instock","24":"taxable","25":"shipping-taxable","26":"purchasable","27":"product-type-variable"},"acf":[],"_links":{"self":[{"href":"https:\/\/www.atta45.se\/e-butik\/wp-json\/wp\/v2\/product\/20055","targetHints":{"allow":["GET"]}}],"collection":[{"href":"https:\/\/www.atta45.se\/e-butik\/wp-json\/wp\/v2\/product"}],"about":[{"href":"https:\/\/www.atta45.se\/e-butik\/wp-json\/wp\/v2\/types\/product"}],"wp:featuredmedia":[{"embeddable":true,"href":"https:\/\/www.atta45.se\/e-butik\/wp-json\/wp\/v2\/media\/20056"}],"wp:attachment":[{"href":"https:\/\/www.atta45.se\/e-butik\/wp-json\/wp\/v2\/media?parent=20055"}],"wp:term":[{"taxonomy":"product_brand","embeddable":true,"href":"https:\/\/www.atta45.se\/e-butik\/wp-json\/wp\/v2\/product_brand?post=20055"},{"taxonomy":"product_cat","embeddable":true,"href":"https:\/\/www.atta45.se\/e-butik\/wp-json\/wp\/v2\/product_cat?post=20055"},{"taxonomy":"product_tag","embeddable":true,"href":"https:\/\/www.atta45.se\/e-butik\/wp-json\/wp\/v2\/product_tag?post=20055"}],"curies":[{"name":"wp","href":"https:\/\/api.w.org\/{rel}","templated":true}]}}