{"id":19995,"date":"2024-12-26T14:59:43","date_gmt":"2024-12-26T13:59:43","guid":{"rendered":"https:\/\/www.atta45.se\/e-butik\/?post_type=product&#038;p=19995"},"modified":"2025-10-28T05:16:28","modified_gmt":"2025-10-28T04:16:28","slug":"smart-emergency-button","status":"publish","type":"product","link":"https:\/\/www.atta45.se\/e-butik\/produkt\/smart-emergency-button\/","title":{"rendered":"Emergency Button SMART"},"content":{"rendered":"<p>Plegium SMART Emergency Button \u00e4r en b\u00e4rbar tyst larmknapp som parkopplar med din telefon och skickar gratis automatiska SMS med GPS-position samt telefonsamtal till dina n\u00f6dkontakter.<\/p>\n<p>Larmknappen \u00e4r designad f\u00f6r att vara enkel att anv\u00e4nda, b\u00e5de f\u00f6r \u00e4ldre, vuxna och barn. P\u00e5 grund av dess kompakta storlek kan du b\u00e4ra den med dig \u00f6verallt: F\u00e4st den med den lilla karbinhaken i din v\u00e4ska, p\u00e5 din nyckelring eller p\u00e5 dina kl\u00e4der.<\/p>\n<p>SMART Emergency Button har en batteritid p\u00e5 4 \u00e5r, och beh\u00f6ver inte laddas. F\u00f6r att aktivera enheten, tryck och h\u00e5ll ner knapparna i 2 sekunder. Dina n\u00f6dkontakter f\u00e5r d\u00e5 omedelbart ett telefonsamtal och ett SMS med din GPS-position p\u00e5 en karta (en Google Maps-l\u00e4nk).<\/p>\n","protected":false},"excerpt":{"rendered":"<p>Plegium SMART Emergency Button \u00e4r en b\u00e4rbar tyst larmknapp som parkopplar med din telefon och skickar gratis automatiska SMS med GPS-position samt telefonsamtal till dina n\u00f6dkontakter. Larmknappen \u00e4r designad f\u00f6r att vara enkel att anv\u00e4nda, b\u00e5de f\u00f6r \u00e4ldre, vuxna och barn. P\u00e5 grund av dess kompakta storlek kan du b\u00e4ra den med dig \u00f6verallt: F\u00e4st [&hellip;]<\/p>\n","protected":false},"featured_media":19996,"template":"","meta":{"_acf_changed":false,"_seopress_robots_primary_cat":"","_seopress_titles_title":"","_seopress_titles_desc":"","_seopress_robots_index":""},"product_brand":[],"product_cat":[15],"product_tag":[],"class_list":{"0":"post-19995","1":"product","2":"type-product","3":"status-publish","4":"has-post-thumbnail","6":"product_cat-okategoriserad","7":"atta45_taxonomy-elektronik-kontor-bluetooth-sv","8":"atta45_taxonomy-fritid-overlevnadsprodukter-sv","9":"atta45_taxonomy-reflexer-verktyg-sakerhet-overlevnadsprodukter-sv","11":"first","12":"instock","13":"taxable","14":"shipping-taxable","15":"purchasable","16":"product-type-variable"},"acf":[],"_links":{"self":[{"href":"https:\/\/www.atta45.se\/e-butik\/wp-json\/wp\/v2\/product\/19995","targetHints":{"allow":["GET"]}}],"collection":[{"href":"https:\/\/www.atta45.se\/e-butik\/wp-json\/wp\/v2\/product"}],"about":[{"href":"https:\/\/www.atta45.se\/e-butik\/wp-json\/wp\/v2\/types\/product"}],"wp:featuredmedia":[{"embeddable":true,"href":"https:\/\/www.atta45.se\/e-butik\/wp-json\/wp\/v2\/media\/19996"}],"wp:attachment":[{"href":"https:\/\/www.atta45.se\/e-butik\/wp-json\/wp\/v2\/media?parent=19995"}],"wp:term":[{"taxonomy":"product_brand","embeddable":true,"href":"https:\/\/www.atta45.se\/e-butik\/wp-json\/wp\/v2\/product_brand?post=19995"},{"taxonomy":"product_cat","embeddable":true,"href":"https:\/\/www.atta45.se\/e-butik\/wp-json\/wp\/v2\/product_cat?post=19995"},{"taxonomy":"product_tag","embeddable":true,"href":"https:\/\/www.atta45.se\/e-butik\/wp-json\/wp\/v2\/product_tag?post=19995"}],"curies":[{"name":"wp","href":"https:\/\/api.w.org\/{rel}","templated":true}]}}