{"id":19951,"date":"2024-12-26T14:59:03","date_gmt":"2024-12-26T13:59:03","guid":{"rendered":"https:\/\/www.atta45.se\/e-butik\/?post_type=product&#038;p=19951"},"modified":"2025-10-28T05:16:14","modified_gmt":"2025-10-28T04:16:14","slug":"smart-mini-forsvarsspray-3-i-1","status":"publish","type":"product","link":"https:\/\/www.atta45.se\/e-butik\/produkt\/smart-mini-forsvarsspray-3-i-1\/","title":{"rendered":"F\u00f6rsvarsspray SMART Mini 3-i-1"},"content":{"rendered":"<p>Plegium SMART Mini F\u00f6rsvarsspray 3-i-1 \u00e4r en laglig och kraftigt \u00f6gon-irriterande mentolbaserad f\u00f6rsvarsspray med gratis automatiska positions-SMS och telefonsamtal till dina n\u00f6dkontakter.<\/p>\n<p>Funktioner<\/p>\n<p>F\u00f6rsvarsspray med mentol och r\u00f6d f\u00e4rg<br \/>&#8211; Positions-SMS (gratis)<br \/>&#8211; Telefonsamtal (gratis)<br \/>&#8211; Magnetisk delbar nyckelkedja<br \/>&#8211; 4 \u00e5rs laddfri batteritid<\/p>\n<p>Kom ig\u00e5ng p\u00e5 1 minut<\/p>\n<p>Ladda ned appen Plegium fr\u00e5n App Store eller Google Play (gratis)<br \/>Anslut din SMART Mini i appen<br \/>L\u00e4gg till n\u00f6dkontakter i appen (upp till 5 st)<br \/>F\u00f6r att testa alla funktioner utom sprayen, f\u00f6r ned TEST-spaken p\u00e5 sidan av produkten i 10 sekunder<\/p>\n<p>Hur du anv\u00e4nder sprayen<\/p>\n<p>F\u00f6r in tummen under skyddslocket<br \/>Tryck h\u00e5rt i mitten av avtryckaren, alla funktioner (d.v.s. spray positions-SMS och telefonsamtal) aktiveras samtidigt<br \/>Spraya angriparen \u00f6ver \u00f6gonen, d\u00e4refter mot n\u00e4sa och mun<\/p>\n<p>M\u00e5tt och vikt<\/p>\n<p>SMART Mini F\u00f6rsvarsspray \u00e4r endast 10 cm h\u00f6g, ~3 cm i diameter och v\u00e4ger 70 gram.<\/p>\n","protected":false},"excerpt":{"rendered":"<p>Plegium SMART Mini F\u00f6rsvarsspray 3-i-1 \u00e4r en laglig och kraftigt \u00f6gon-irriterande mentolbaserad f\u00f6rsvarsspray med gratis automatiska positions-SMS och telefonsamtal till dina n\u00f6dkontakter. Funktioner F\u00f6rsvarsspray med mentol och r\u00f6d f\u00e4rg&#8211; Positions-SMS (gratis)&#8211; Telefonsamtal (gratis)&#8211; Magnetisk delbar nyckelkedja&#8211; 4 \u00e5rs laddfri batteritid Kom ig\u00e5ng p\u00e5 1 minut Ladda ned appen Plegium fr\u00e5n App Store eller Google Play [&hellip;]<\/p>\n","protected":false},"featured_media":19952,"template":"","meta":{"_acf_changed":false,"_seopress_robots_primary_cat":"","_seopress_titles_title":"","_seopress_titles_desc":"","_seopress_robots_index":""},"product_brand":[],"product_cat":[15],"product_tag":[],"class_list":{"0":"post-19951","1":"product","2":"type-product","3":"status-publish","4":"has-post-thumbnail","6":"product_cat-okategoriserad","7":"atta45_taxonomy-elektronik-kontor-bluetooth-sv","8":"atta45_taxonomy-fritid-overlevnadsprodukter-sv","9":"atta45_taxonomy-reflexer-verktyg-sakerhet-overlevnadsprodukter-sv","11":"first","12":"instock","13":"taxable","14":"shipping-taxable","15":"purchasable","16":"product-type-variable"},"acf":[],"_links":{"self":[{"href":"https:\/\/www.atta45.se\/e-butik\/wp-json\/wp\/v2\/product\/19951","targetHints":{"allow":["GET"]}}],"collection":[{"href":"https:\/\/www.atta45.se\/e-butik\/wp-json\/wp\/v2\/product"}],"about":[{"href":"https:\/\/www.atta45.se\/e-butik\/wp-json\/wp\/v2\/types\/product"}],"wp:featuredmedia":[{"embeddable":true,"href":"https:\/\/www.atta45.se\/e-butik\/wp-json\/wp\/v2\/media\/19952"}],"wp:attachment":[{"href":"https:\/\/www.atta45.se\/e-butik\/wp-json\/wp\/v2\/media?parent=19951"}],"wp:term":[{"taxonomy":"product_brand","embeddable":true,"href":"https:\/\/www.atta45.se\/e-butik\/wp-json\/wp\/v2\/product_brand?post=19951"},{"taxonomy":"product_cat","embeddable":true,"href":"https:\/\/www.atta45.se\/e-butik\/wp-json\/wp\/v2\/product_cat?post=19951"},{"taxonomy":"product_tag","embeddable":true,"href":"https:\/\/www.atta45.se\/e-butik\/wp-json\/wp\/v2\/product_tag?post=19951"}],"curies":[{"name":"wp","href":"https:\/\/api.w.org\/{rel}","templated":true}]}}