{"id":19905,"date":"2024-12-26T14:58:19","date_gmt":"2024-12-26T13:58:19","guid":{"rendered":"https:\/\/www.atta45.se\/e-butik\/?post_type=product&#038;p=19905"},"modified":"2025-10-28T05:15:59","modified_gmt":"2025-10-28T04:15:59","slug":"smart-forsvarsspray-5-i-1","status":"publish","type":"product","link":"https:\/\/www.atta45.se\/e-butik\/produkt\/smart-forsvarsspray-5-i-1\/","title":{"rendered":"F\u00f6rsvarsspray SMART  5-i-1"},"content":{"rendered":"<p>Plegium SMART F\u00f6rsvarsspray 5-i-1 \u00e4r en laglig och kraftigt \u00f6gonirriterande mentolbaserad f\u00f6rsvarsspray med r\u00f6d f\u00e4rg, siren, LED-lampa samt gratis automatiska positions-SMS och telefonsamtal till dina n\u00f6dkontakter.<\/p>\n<p>Funktioner<\/p>\n<p>&#8211; F\u00f6rsvarsspray med mentol och r\u00f6d f\u00e4rg<br \/>&#8211; Positions-SMS (gratis)<br \/>&#8211; Telefonsamtal (gratis)<br \/>&#8211; Siren<br \/>&#8211; LED-lampa<br \/>&#8211; Magnetisk delbar nyckelkedja<br \/>&#8211; 4 \u00e5rs laddfri batteritid<\/p>\n<p>Kom ig\u00e5ng p\u00e5 1 minut<\/p>\n<p>Ladda ned appen Plegium fr\u00e5n App &#8211; Store eller Google Play (gratis)<br \/>Anslut din SMART i appen<br \/>L\u00e4gg till n\u00f6dkontakter i appen (upp till 5 st)<br \/>F\u00f6r att testa alla funktioner utom sprayen, f\u00f6r ned TEST-spaken p\u00e5 sidan av produkten i 10 sekunder<\/p>\n<p>Hur du anv\u00e4nder sprayen<\/p>\n<p>F\u00f6r in tummen under skyddslocket.<br \/>Tryck h\u00e5rt i mitten av avtryckaren &#8211; alla funktioner (d.v.s. spray positions-SMS, telefonsamtal, siren och LED-lampa) aktiveras samtidigt<br \/>Spraya angriparen \u00f6ver \u00f6gonen, d\u00e4refter mot n\u00e4sa och mun.<\/p>\n<p>M\u00e5tt och vikt<\/p>\n<p>SMART F\u00f6rsvarsspray \u00e4r endast 11 cm h\u00f6g, ~3.5 cm i diameter och v\u00e4ger 80 gram.<\/p>\n","protected":false},"excerpt":{"rendered":"<p>Plegium SMART F\u00f6rsvarsspray 5-i-1 \u00e4r en laglig och kraftigt \u00f6gonirriterande mentolbaserad f\u00f6rsvarsspray med r\u00f6d f\u00e4rg, siren, LED-lampa samt gratis automatiska positions-SMS och telefonsamtal till dina n\u00f6dkontakter. Funktioner &#8211; F\u00f6rsvarsspray med mentol och r\u00f6d f\u00e4rg&#8211; Positions-SMS (gratis)&#8211; Telefonsamtal (gratis)&#8211; Siren&#8211; LED-lampa&#8211; Magnetisk delbar nyckelkedja&#8211; 4 \u00e5rs laddfri batteritid Kom ig\u00e5ng p\u00e5 1 minut Ladda ned appen [&hellip;]<\/p>\n","protected":false},"featured_media":19906,"template":"","meta":{"_acf_changed":false,"_seopress_robots_primary_cat":"","_seopress_titles_title":"","_seopress_titles_desc":"","_seopress_robots_index":""},"product_brand":[],"product_cat":[15],"product_tag":[],"class_list":{"0":"post-19905","1":"product","2":"type-product","3":"status-publish","4":"has-post-thumbnail","6":"product_cat-okategoriserad","7":"atta45_taxonomy-elektronik-kontor-bluetooth-sv","8":"atta45_taxonomy-fritid-overlevnadsprodukter-sv","9":"atta45_taxonomy-reflexer-verktyg-sakerhet-overlevnadsprodukter-sv","11":"first","12":"instock","13":"taxable","14":"shipping-taxable","15":"purchasable","16":"product-type-variable"},"acf":[],"_links":{"self":[{"href":"https:\/\/www.atta45.se\/e-butik\/wp-json\/wp\/v2\/product\/19905","targetHints":{"allow":["GET"]}}],"collection":[{"href":"https:\/\/www.atta45.se\/e-butik\/wp-json\/wp\/v2\/product"}],"about":[{"href":"https:\/\/www.atta45.se\/e-butik\/wp-json\/wp\/v2\/types\/product"}],"wp:featuredmedia":[{"embeddable":true,"href":"https:\/\/www.atta45.se\/e-butik\/wp-json\/wp\/v2\/media\/19906"}],"wp:attachment":[{"href":"https:\/\/www.atta45.se\/e-butik\/wp-json\/wp\/v2\/media?parent=19905"}],"wp:term":[{"taxonomy":"product_brand","embeddable":true,"href":"https:\/\/www.atta45.se\/e-butik\/wp-json\/wp\/v2\/product_brand?post=19905"},{"taxonomy":"product_cat","embeddable":true,"href":"https:\/\/www.atta45.se\/e-butik\/wp-json\/wp\/v2\/product_cat?post=19905"},{"taxonomy":"product_tag","embeddable":true,"href":"https:\/\/www.atta45.se\/e-butik\/wp-json\/wp\/v2\/product_tag?post=19905"}],"curies":[{"name":"wp","href":"https:\/\/api.w.org\/{rel}","templated":true}]}}