{"id":19859,"date":"2024-12-26T14:57:53","date_gmt":"2024-12-26T13:57:53","guid":{"rendered":"https:\/\/www.atta45.se\/e-butik\/?post_type=product&#038;p=19859"},"modified":"2025-10-28T04:01:43","modified_gmt":"2025-10-28T03:01:43","slug":"bluetooth-hogtalare-space","status":"publish","type":"product","link":"https:\/\/www.atta45.se\/e-butik\/produkt\/bluetooth-hogtalare-space\/","title":{"rendered":"H\u00f6gtalare Bluetooth\u00ae  Space"},"content":{"rendered":"<p>Optimal tr\u00e5dl\u00f6st ljud fr\u00e5n din Bluetooth-enhet. H\u00f6gtalaren \u00e4r kompatibel med  l\u00e4splatta, smartphone, b\u00e4rbar dator, iPad, iPhone, iPod m m som har inbyggda Bluetooth-inst\u00e4llningar. S\u00e4ndningsr\u00e4ckvidd : 8 ~ 10 m (ingen v\u00e4gg, d\u00f6rr). CSR-chip.<br \/>Kontrollera uppspelning, volym, paus m m samt besvara och avsluta telefonsamtal. Fungerar \u00e4ven f\u00f6r icke Bluetooth-enheter via 3.5 mm standard-uttag.      <br \/>St\u00f6djer USB Flash &amp; Micro SD-kort.<br \/>FM funktion, AUX-uttag, utg\u00e5ng f\u00f6r h\u00f6rlurar. Uppladdningsbart batteri med upp till 6-8 timmars speltid. Kompakt och elegant design g\u00f6r det enkelt att ta med bra ljud \u00f6verallt. <\/p>\n","protected":false},"excerpt":{"rendered":"<p>Optimal tr\u00e5dl\u00f6st ljud fr\u00e5n din Bluetooth-enhet. H\u00f6gtalaren \u00e4r kompatibel med l\u00e4splatta, smartphone, b\u00e4rbar dator, iPad, iPhone, iPod m m som har inbyggda Bluetooth-inst\u00e4llningar. S\u00e4ndningsr\u00e4ckvidd : 8 ~ 10 m (ingen v\u00e4gg, d\u00f6rr). CSR-chip.Kontrollera uppspelning, volym, paus m m samt besvara och avsluta telefonsamtal. Fungerar \u00e4ven f\u00f6r icke Bluetooth-enheter via 3.5 mm standard-uttag. St\u00f6djer USB Flash [&hellip;]<\/p>\n","protected":false},"featured_media":19860,"template":"","meta":{"_acf_changed":false,"_seopress_robots_primary_cat":"","_seopress_titles_title":"","_seopress_titles_desc":"","_seopress_robots_index":""},"product_brand":[],"product_cat":[15],"product_tag":[],"class_list":{"0":"post-19859","1":"product","2":"type-product","3":"status-publish","4":"has-post-thumbnail","6":"product_cat-okategoriserad","7":"atta45_taxonomy-elektronik-kontor-bluetooth-sv","8":"atta45_taxonomy-elektronik-kontor-datortillbehor-sv","9":"atta45_taxonomy-mobiltillbehor-mobiltillbehor-sv","10":"atta45_taxonomy-elektronik-kontor-powerbank-speakers-sv","12":"first","13":"instock","14":"taxable","15":"shipping-taxable","16":"purchasable","17":"product-type-variable"},"acf":[],"_links":{"self":[{"href":"https:\/\/www.atta45.se\/e-butik\/wp-json\/wp\/v2\/product\/19859","targetHints":{"allow":["GET"]}}],"collection":[{"href":"https:\/\/www.atta45.se\/e-butik\/wp-json\/wp\/v2\/product"}],"about":[{"href":"https:\/\/www.atta45.se\/e-butik\/wp-json\/wp\/v2\/types\/product"}],"wp:featuredmedia":[{"embeddable":true,"href":"https:\/\/www.atta45.se\/e-butik\/wp-json\/wp\/v2\/media\/19860"}],"wp:attachment":[{"href":"https:\/\/www.atta45.se\/e-butik\/wp-json\/wp\/v2\/media?parent=19859"}],"wp:term":[{"taxonomy":"product_brand","embeddable":true,"href":"https:\/\/www.atta45.se\/e-butik\/wp-json\/wp\/v2\/product_brand?post=19859"},{"taxonomy":"product_cat","embeddable":true,"href":"https:\/\/www.atta45.se\/e-butik\/wp-json\/wp\/v2\/product_cat?post=19859"},{"taxonomy":"product_tag","embeddable":true,"href":"https:\/\/www.atta45.se\/e-butik\/wp-json\/wp\/v2\/product_tag?post=19859"}],"curies":[{"name":"wp","href":"https:\/\/api.w.org\/{rel}","templated":true}]}}