{"id":19845,"date":"2024-12-26T14:57:46","date_gmt":"2024-12-26T13:57:46","guid":{"rendered":"https:\/\/www.atta45.se\/e-butik\/?post_type=product&#038;p=19845"},"modified":"2025-10-28T04:01:30","modified_gmt":"2025-10-28T03:01:30","slug":"bluetooth-hogtalare-silikonband","status":"publish","type":"product","link":"https:\/\/www.atta45.se\/e-butik\/produkt\/bluetooth-hogtalare-silikonband\/","title":{"rendered":"H\u00f6gtalare Bluetooth\u00ae Silikonband"},"content":{"rendered":"<p>En liten men robust Bluetooth-h\u00f6gtalare med ljud som \u00f6verraskar! Med dekorativt silikonband runt om. Liten nog att ta med p\u00e5 resan eller till stranden. Str\u00f6mma musik via Bluetooth eller anv\u00e4nda AUX eller Micro SD-ing\u00e5ngarna. H\u00f6gtalaren har en inbyggd funktion f\u00f6r handsfree telefonsamtal via Bluetooth.. Laddas via micro-USB (kabel ing\u00e5r).<\/p>\n","protected":false},"excerpt":{"rendered":"<p>En liten men robust Bluetooth-h\u00f6gtalare med ljud som \u00f6verraskar! Med dekorativt silikonband runt om. Liten nog att ta med p\u00e5 resan eller till stranden. Str\u00f6mma musik via Bluetooth eller anv\u00e4nda AUX eller Micro SD-ing\u00e5ngarna. H\u00f6gtalaren har en inbyggd funktion f\u00f6r handsfree telefonsamtal via Bluetooth.. Laddas via micro-USB (kabel ing\u00e5r).<\/p>\n","protected":false},"featured_media":19846,"template":"","meta":{"_acf_changed":false,"_seopress_robots_primary_cat":"","_seopress_titles_title":"","_seopress_titles_desc":"","_seopress_robots_index":""},"product_brand":[],"product_cat":[15],"product_tag":[],"class_list":{"0":"post-19845","1":"product","2":"type-product","3":"status-publish","4":"has-post-thumbnail","6":"product_cat-okategoriserad","7":"atta45_taxonomy-elektronik-kontor-bluetooth-sv","8":"atta45_taxonomy-elektronik-kontor-datortillbehor-sv","9":"atta45_taxonomy-mobiltillbehor-mobiltillbehor-sv","10":"atta45_taxonomy-elektronik-kontor-powerbank-speakers-sv","12":"first","13":"instock","14":"taxable","15":"shipping-taxable","16":"purchasable","17":"product-type-variable"},"acf":[],"_links":{"self":[{"href":"https:\/\/www.atta45.se\/e-butik\/wp-json\/wp\/v2\/product\/19845","targetHints":{"allow":["GET"]}}],"collection":[{"href":"https:\/\/www.atta45.se\/e-butik\/wp-json\/wp\/v2\/product"}],"about":[{"href":"https:\/\/www.atta45.se\/e-butik\/wp-json\/wp\/v2\/types\/product"}],"wp:featuredmedia":[{"embeddable":true,"href":"https:\/\/www.atta45.se\/e-butik\/wp-json\/wp\/v2\/media\/19846"}],"wp:attachment":[{"href":"https:\/\/www.atta45.se\/e-butik\/wp-json\/wp\/v2\/media?parent=19845"}],"wp:term":[{"taxonomy":"product_brand","embeddable":true,"href":"https:\/\/www.atta45.se\/e-butik\/wp-json\/wp\/v2\/product_brand?post=19845"},{"taxonomy":"product_cat","embeddable":true,"href":"https:\/\/www.atta45.se\/e-butik\/wp-json\/wp\/v2\/product_cat?post=19845"},{"taxonomy":"product_tag","embeddable":true,"href":"https:\/\/www.atta45.se\/e-butik\/wp-json\/wp\/v2\/product_tag?post=19845"}],"curies":[{"name":"wp","href":"https:\/\/api.w.org\/{rel}","templated":true}]}}