{"id":19773,"date":"2024-12-26T14:57:14","date_gmt":"2024-12-26T13:57:14","guid":{"rendered":"https:\/\/www.atta45.se\/e-butik\/?post_type=product&#038;p=19773"},"modified":"2025-10-27T16:50:44","modified_gmt":"2025-10-27T15:50:44","slug":"anteckningsbok-a5-i-rpet-filt-harper","status":"publish","type":"product","link":"https:\/\/www.atta45.se\/e-butik\/produkt\/anteckningsbok-a5-i-rpet-filt-harper\/","title":{"rendered":"Anteckningsbok i RPET filt Harper"},"content":{"rendered":"<p>Anteckningsbok (A5) i RPET filt Harper med 160 linjerade sidor, \u00f6gla f\u00f6r penna, band f\u00f6r bokm\u00e4rke samt elastiskt band f\u00f6r st\u00e4ngning.<\/p>\n","protected":false},"excerpt":{"rendered":"<p>Anteckningsbok (A5) i RPET filt Harper med 160 linjerade sidor, \u00f6gla f\u00f6r penna, band f\u00f6r bokm\u00e4rke samt elastiskt band f\u00f6r st\u00e4ngning.<\/p>\n","protected":false},"featured_media":19774,"template":"","meta":{"_acf_changed":false,"_seopress_robots_primary_cat":"","_seopress_titles_title":"","_seopress_titles_desc":"","_seopress_robots_index":""},"product_brand":[],"product_cat":[15],"product_tag":[],"class_list":{"0":"post-19773","1":"product","2":"type-product","3":"status-publish","4":"has-post-thumbnail","6":"product_cat-okategoriserad","7":"atta45_taxonomy-elektronik-kontor-anteckningsbocker-sv","8":"atta45_taxonomy-tema-inspiration-grona-intryck-eko-vaskor-sv","9":"atta45_taxonomy-tema-inspiration-grona-intryck-sv","10":"atta45_taxonomy-tema-inspiration-speciella-trycktekniker-name-it-sv","11":"atta45_taxonomy-tema-inspiration-utvalda-produkter-snabbleverans-sv","13":"first","14":"instock","15":"taxable","16":"shipping-taxable","17":"purchasable","18":"product-type-variable"},"acf":[],"_links":{"self":[{"href":"https:\/\/www.atta45.se\/e-butik\/wp-json\/wp\/v2\/product\/19773","targetHints":{"allow":["GET"]}}],"collection":[{"href":"https:\/\/www.atta45.se\/e-butik\/wp-json\/wp\/v2\/product"}],"about":[{"href":"https:\/\/www.atta45.se\/e-butik\/wp-json\/wp\/v2\/types\/product"}],"wp:featuredmedia":[{"embeddable":true,"href":"https:\/\/www.atta45.se\/e-butik\/wp-json\/wp\/v2\/media\/19774"}],"wp:attachment":[{"href":"https:\/\/www.atta45.se\/e-butik\/wp-json\/wp\/v2\/media?parent=19773"}],"wp:term":[{"taxonomy":"product_brand","embeddable":true,"href":"https:\/\/www.atta45.se\/e-butik\/wp-json\/wp\/v2\/product_brand?post=19773"},{"taxonomy":"product_cat","embeddable":true,"href":"https:\/\/www.atta45.se\/e-butik\/wp-json\/wp\/v2\/product_cat?post=19773"},{"taxonomy":"product_tag","embeddable":true,"href":"https:\/\/www.atta45.se\/e-butik\/wp-json\/wp\/v2\/product_tag?post=19773"}],"curies":[{"name":"wp","href":"https:\/\/api.w.org\/{rel}","templated":true}]}}