{"id":19677,"date":"2024-12-26T14:56:38","date_gmt":"2024-12-26T13:56:38","guid":{"rendered":"https:\/\/www.atta45.se\/e-butik\/?post_type=product&#038;p=19677"},"modified":"2025-10-27T16:40:24","modified_gmt":"2025-10-27T15:40:24","slug":"anteckningsbok-a5-med-kork-och-bomull-trevor","status":"publish","type":"product","link":"https:\/\/www.atta45.se\/e-butik\/produkt\/anteckningsbok-a5-med-kork-och-bomull-trevor\/","title":{"rendered":"Anteckningsbok (A5) i kork och bomull Trevor"},"content":{"rendered":"<p>Anteckningsbok (A5) med kork och bomull (ca A5) med 80 linjerade sidor. \u00d6gla f\u00f6r att h\u00e5lla fast penna.<\/p>\n","protected":false},"excerpt":{"rendered":"<p>Anteckningsbok (A5) med kork och bomull (ca A5) med 80 linjerade sidor. \u00d6gla f\u00f6r att h\u00e5lla fast penna.<\/p>\n","protected":false},"featured_media":19678,"template":"","meta":{"_acf_changed":false,"_seopress_robots_primary_cat":"","_seopress_titles_title":"","_seopress_titles_desc":"","_seopress_robots_index":""},"product_brand":[],"product_cat":[15],"product_tag":[],"class_list":{"0":"post-19677","1":"product","2":"type-product","3":"status-publish","4":"has-post-thumbnail","6":"product_cat-okategoriserad","7":"atta45_taxonomy-elektronik-kontor-anteckningsbocker-sv","8":"atta45_taxonomy-tema-inspiration-grona-intryck-eco-basic-sv","9":"atta45_taxonomy-tema-inspiration-grona-intryck-sv","10":"atta45_taxonomy-tema-inspiration-grona-intryck-kork-sv","11":"atta45_taxonomy-tema-inspiration-speciella-trycktekniker-name-it-sv","13":"first","14":"instock","15":"taxable","16":"shipping-taxable","17":"purchasable","18":"product-type-variable"},"acf":[],"_links":{"self":[{"href":"https:\/\/www.atta45.se\/e-butik\/wp-json\/wp\/v2\/product\/19677","targetHints":{"allow":["GET"]}}],"collection":[{"href":"https:\/\/www.atta45.se\/e-butik\/wp-json\/wp\/v2\/product"}],"about":[{"href":"https:\/\/www.atta45.se\/e-butik\/wp-json\/wp\/v2\/types\/product"}],"wp:featuredmedia":[{"embeddable":true,"href":"https:\/\/www.atta45.se\/e-butik\/wp-json\/wp\/v2\/media\/19678"}],"wp:attachment":[{"href":"https:\/\/www.atta45.se\/e-butik\/wp-json\/wp\/v2\/media?parent=19677"}],"wp:term":[{"taxonomy":"product_brand","embeddable":true,"href":"https:\/\/www.atta45.se\/e-butik\/wp-json\/wp\/v2\/product_brand?post=19677"},{"taxonomy":"product_cat","embeddable":true,"href":"https:\/\/www.atta45.se\/e-butik\/wp-json\/wp\/v2\/product_cat?post=19677"},{"taxonomy":"product_tag","embeddable":true,"href":"https:\/\/www.atta45.se\/e-butik\/wp-json\/wp\/v2\/product_tag?post=19677"}],"curies":[{"name":"wp","href":"https:\/\/api.w.org\/{rel}","templated":true}]}}