{"id":19641,"date":"2024-12-26T14:56:24","date_gmt":"2024-12-26T13:56:24","guid":{"rendered":"https:\/\/www.atta45.se\/e-butik\/?post_type=product&#038;p=19641"},"modified":"2025-10-27T16:20:01","modified_gmt":"2025-10-27T15:20:01","slug":"anteckningsbok-i-kork-och-linne-med-penna-av-vetestra","status":"publish","type":"product","link":"https:\/\/www.atta45.se\/e-butik\/produkt\/anteckningsbok-i-kork-och-linne-med-penna-av-vetestra\/","title":{"rendered":"Anteckningsbok i kork och linne med penna av vetestr\u00e5 Kenzo"},"content":{"rendered":"<p>Antecknignsbok i kork och linne med kulspetspenna av vetestr\u00e5. Levereras i ask av kraftpapper. Elastisk \u00f6gla f\u00f6r pennan samt 80 linjerade blad med plats f\u00f6r datum. Pennan har bl\u00e5tt bl\u00e4ck.<\/p>\n","protected":false},"excerpt":{"rendered":"<p>Antecknignsbok i kork och linne med kulspetspenna av vetestr\u00e5. Levereras i ask av kraftpapper. Elastisk \u00f6gla f\u00f6r pennan samt 80 linjerade blad med plats f\u00f6r datum. Pennan har bl\u00e5tt bl\u00e4ck.<\/p>\n","protected":false},"featured_media":19642,"template":"","meta":{"_acf_changed":false,"_seopress_robots_primary_cat":"","_seopress_titles_title":"","_seopress_titles_desc":"","_seopress_robots_index":""},"product_brand":[],"product_cat":[15],"product_tag":[],"class_list":{"0":"post-19641","1":"product","2":"type-product","3":"status-publish","4":"has-post-thumbnail","6":"product_cat-okategoriserad","7":"atta45_taxonomy-elektronik-kontor-anteckningsbocker-sv","8":"atta45_taxonomy-tema-inspiration-grona-intryck-sv","9":"atta45_taxonomy-elektronik-kontor-kontorsartiklar-sv","10":"atta45_taxonomy-tema-inspiration-grona-intryck-kork-sv","11":"atta45_taxonomy-elektronik-kontor-memohallare-sv","13":"first","14":"instock","15":"taxable","16":"shipping-taxable","17":"purchasable","18":"product-type-variable"},"acf":[],"_links":{"self":[{"href":"https:\/\/www.atta45.se\/e-butik\/wp-json\/wp\/v2\/product\/19641","targetHints":{"allow":["GET"]}}],"collection":[{"href":"https:\/\/www.atta45.se\/e-butik\/wp-json\/wp\/v2\/product"}],"about":[{"href":"https:\/\/www.atta45.se\/e-butik\/wp-json\/wp\/v2\/types\/product"}],"wp:featuredmedia":[{"embeddable":true,"href":"https:\/\/www.atta45.se\/e-butik\/wp-json\/wp\/v2\/media\/19642"}],"wp:attachment":[{"href":"https:\/\/www.atta45.se\/e-butik\/wp-json\/wp\/v2\/media?parent=19641"}],"wp:term":[{"taxonomy":"product_brand","embeddable":true,"href":"https:\/\/www.atta45.se\/e-butik\/wp-json\/wp\/v2\/product_brand?post=19641"},{"taxonomy":"product_cat","embeddable":true,"href":"https:\/\/www.atta45.se\/e-butik\/wp-json\/wp\/v2\/product_cat?post=19641"},{"taxonomy":"product_tag","embeddable":true,"href":"https:\/\/www.atta45.se\/e-butik\/wp-json\/wp\/v2\/product_tag?post=19641"}],"curies":[{"name":"wp","href":"https:\/\/api.w.org\/{rel}","templated":true}]}}