{"id":19557,"date":"2024-12-26T14:55:54","date_gmt":"2024-12-26T13:55:54","guid":{"rendered":"https:\/\/www.atta45.se\/e-butik\/?post_type=product&#038;p=19557"},"modified":"2025-10-27T16:06:04","modified_gmt":"2025-10-27T15:06:04","slug":"anteckningsbok-med-papper-av-stenmassa-a5","status":"publish","type":"product","link":"https:\/\/www.atta45.se\/e-butik\/produkt\/anteckningsbok-med-papper-av-stenmassa-a5\/","title":{"rendered":"Anteckningsbok med papper av stenmassa (A5) Cora"},"content":{"rendered":"<p>Anteckningsbok (ca A5) med 80 linjerade sidor av mineral-\/stenpapper med elastiskt band f\u00f6r st\u00e4ngning samt h\u00e5llare f\u00f6r penna.<\/p>\n","protected":false},"excerpt":{"rendered":"<p>Anteckningsbok (ca A5) med 80 linjerade sidor av mineral-\/stenpapper med elastiskt band f\u00f6r st\u00e4ngning samt h\u00e5llare f\u00f6r penna.<\/p>\n","protected":false},"featured_media":19558,"template":"","meta":{"_acf_changed":false,"_seopress_robots_primary_cat":"","_seopress_titles_title":"","_seopress_titles_desc":"","_seopress_robots_index":""},"product_brand":[],"product_cat":[15],"product_tag":[],"class_list":{"0":"post-19557","1":"product","2":"type-product","3":"status-publish","4":"has-post-thumbnail","6":"product_cat-okategoriserad","7":"atta45_taxonomy-elektronik-kontor-anteckningsbocker-sv","8":"atta45_taxonomy-tema-inspiration-ogonblick-en-gron-planet-sv","9":"atta45_taxonomy-tema-inspiration-grona-intryck-sv","10":"atta45_taxonomy-elektronik-kontor-kontorsartiklar-sv","11":"atta45_taxonomy-elektronik-kontor-memohallare-sv","12":"atta45_taxonomy-tema-inspiration-sv","14":"first","15":"instock","16":"taxable","17":"shipping-taxable","18":"purchasable","19":"product-type-variable"},"acf":[],"_links":{"self":[{"href":"https:\/\/www.atta45.se\/e-butik\/wp-json\/wp\/v2\/product\/19557","targetHints":{"allow":["GET"]}}],"collection":[{"href":"https:\/\/www.atta45.se\/e-butik\/wp-json\/wp\/v2\/product"}],"about":[{"href":"https:\/\/www.atta45.se\/e-butik\/wp-json\/wp\/v2\/types\/product"}],"wp:featuredmedia":[{"embeddable":true,"href":"https:\/\/www.atta45.se\/e-butik\/wp-json\/wp\/v2\/media\/19558"}],"wp:attachment":[{"href":"https:\/\/www.atta45.se\/e-butik\/wp-json\/wp\/v2\/media?parent=19557"}],"wp:term":[{"taxonomy":"product_brand","embeddable":true,"href":"https:\/\/www.atta45.se\/e-butik\/wp-json\/wp\/v2\/product_brand?post=19557"},{"taxonomy":"product_cat","embeddable":true,"href":"https:\/\/www.atta45.se\/e-butik\/wp-json\/wp\/v2\/product_cat?post=19557"},{"taxonomy":"product_tag","embeddable":true,"href":"https:\/\/www.atta45.se\/e-butik\/wp-json\/wp\/v2\/product_tag?post=19557"}],"curies":[{"name":"wp","href":"https:\/\/api.w.org\/{rel}","templated":true}]}}