{"id":19311,"date":"2024-12-26T14:54:11","date_gmt":"2024-12-26T13:54:11","guid":{"rendered":"https:\/\/www.atta45.se\/e-butik\/?post_type=product&#038;p=19311"},"modified":"2025-10-27T15:27:04","modified_gmt":"2025-10-27T14:27:04","slug":"konferensmapp-a4-3","status":"publish","type":"product","link":"https:\/\/www.atta45.se\/e-butik\/produkt\/konferensmapp-a4-3\/","title":{"rendered":"Konferensmapp (A4) i bundet l\u00e4der Lilo"},"content":{"rendered":"<p>LaserLine presentationsportf\u00f6lj i bundet l\u00e4der med dragkedja, b\u00e4rhandtag p\u00e5 ryggen och metallplatta f\u00f6r m\u00e4rkning. Inneh\u00e5ller diverse fack, ringmekanism f\u00f6r plastmappar och anteckningsblock. Fungerar bra med gravyr eller tryck.<\/p>\n","protected":false},"excerpt":{"rendered":"<p>LaserLine presentationsportf\u00f6lj i bundet l\u00e4der med dragkedja, b\u00e4rhandtag p\u00e5 ryggen och metallplatta f\u00f6r m\u00e4rkning. Inneh\u00e5ller diverse fack, ringmekanism f\u00f6r plastmappar och anteckningsblock. Fungerar bra med gravyr eller tryck.<\/p>\n","protected":false},"featured_media":19312,"template":"","meta":{"_acf_changed":false,"_seopress_robots_primary_cat":"","_seopress_titles_title":"","_seopress_titles_desc":"","_seopress_robots_index":""},"product_brand":[],"product_cat":[15],"product_tag":[],"class_list":{"0":"post-19311","1":"product","2":"type-product","3":"status-publish","4":"has-post-thumbnail","6":"product_cat-okategoriserad","7":"atta45_taxonomy-elektronik-kontor-anteckningsbocker-sv","8":"atta45_taxonomy-elektronik-kontor-konferensmappar-sv","9":"atta45_taxonomy-elektronik-kontor-kontorsartiklar-sv","10":"atta45_taxonomy-tema-inspiration-ogonblick-kontorsliv-sv","11":"atta45_taxonomy-elektronik-kontor-memohallare-sv","12":"atta45_taxonomy-tema-inspiration-sv","14":"first","15":"instock","16":"taxable","17":"shipping-taxable","18":"purchasable","19":"product-type-variable"},"acf":[],"_links":{"self":[{"href":"https:\/\/www.atta45.se\/e-butik\/wp-json\/wp\/v2\/product\/19311","targetHints":{"allow":["GET"]}}],"collection":[{"href":"https:\/\/www.atta45.se\/e-butik\/wp-json\/wp\/v2\/product"}],"about":[{"href":"https:\/\/www.atta45.se\/e-butik\/wp-json\/wp\/v2\/types\/product"}],"wp:featuredmedia":[{"embeddable":true,"href":"https:\/\/www.atta45.se\/e-butik\/wp-json\/wp\/v2\/media\/19312"}],"wp:attachment":[{"href":"https:\/\/www.atta45.se\/e-butik\/wp-json\/wp\/v2\/media?parent=19311"}],"wp:term":[{"taxonomy":"product_brand","embeddable":true,"href":"https:\/\/www.atta45.se\/e-butik\/wp-json\/wp\/v2\/product_brand?post=19311"},{"taxonomy":"product_cat","embeddable":true,"href":"https:\/\/www.atta45.se\/e-butik\/wp-json\/wp\/v2\/product_cat?post=19311"},{"taxonomy":"product_tag","embeddable":true,"href":"https:\/\/www.atta45.se\/e-butik\/wp-json\/wp\/v2\/product_tag?post=19311"}],"curies":[{"name":"wp","href":"https:\/\/api.w.org\/{rel}","templated":true}]}}