{"id":19281,"date":"2024-12-26T14:53:59","date_gmt":"2024-12-26T13:53:59","guid":{"rendered":"https:\/\/www.atta45.se\/e-butik\/?post_type=product&#038;p=19281"},"modified":"2025-10-27T15:25:31","modified_gmt":"2025-10-27T14:25:31","slug":"charles-dickens-konferensmapp-a4-dragkedja","status":"publish","type":"product","link":"https:\/\/www.atta45.se\/e-butik\/produkt\/charles-dickens-konferensmapp-a4-dragkedja\/","title":{"rendered":"Konferensmapp Charles Dickens\u00ae  A4 dragkedja"},"content":{"rendered":"<p>Charles Dickens konferensmapp i l\u00e4der, A4 med dragkedja, minir\u00e4knare 8-tecken, anteckningsblock 50 sidor, m\u00e5nga fack och pennh\u00e5llare. Metallplatta f\u00f6r m\u00e4rkning. H\u00f6g detaljkvalit\u00e9. Batterier ing\u00e5r.<\/p>\n","protected":false},"excerpt":{"rendered":"<p>Charles Dickens konferensmapp i l\u00e4der, A4 med dragkedja, minir\u00e4knare 8-tecken, anteckningsblock 50 sidor, m\u00e5nga fack och pennh\u00e5llare. Metallplatta f\u00f6r m\u00e4rkning. H\u00f6g detaljkvalit\u00e9. Batterier ing\u00e5r.<\/p>\n","protected":false},"featured_media":19282,"template":"","meta":{"_acf_changed":false,"_seopress_robots_primary_cat":"","_seopress_titles_title":"","_seopress_titles_desc":"","_seopress_robots_index":""},"product_brand":[],"product_cat":[15],"product_tag":[],"class_list":{"0":"post-19281","1":"product","2":"type-product","3":"status-publish","4":"has-post-thumbnail","6":"product_cat-okategoriserad","7":"atta45_taxonomy-elektronik-kontor-anteckningsbocker-sv","8":"atta45_taxonomy-tema-inspiration-varumarken-charles-dickens-sv","9":"atta45_taxonomy-elektronik-kontor-konferensmappar-sv","10":"atta45_taxonomy-elektronik-kontor-kontorsartiklar-sv","11":"atta45_taxonomy-tema-inspiration-ogonblick-kontorsliv-sv","12":"atta45_taxonomy-tema-inspiration-speciella-trycktekniker-name-it-sv","13":"atta45_taxonomy-elektronik-kontor-memohallare-sv","14":"atta45_taxonomy-tema-inspiration-sv","15":"atta45_taxonomy-tema-inspiration-varumarken-sv","17":"first","18":"instock","19":"taxable","20":"shipping-taxable","21":"purchasable","22":"product-type-variable"},"acf":[],"_links":{"self":[{"href":"https:\/\/www.atta45.se\/e-butik\/wp-json\/wp\/v2\/product\/19281","targetHints":{"allow":["GET"]}}],"collection":[{"href":"https:\/\/www.atta45.se\/e-butik\/wp-json\/wp\/v2\/product"}],"about":[{"href":"https:\/\/www.atta45.se\/e-butik\/wp-json\/wp\/v2\/types\/product"}],"wp:featuredmedia":[{"embeddable":true,"href":"https:\/\/www.atta45.se\/e-butik\/wp-json\/wp\/v2\/media\/19282"}],"wp:attachment":[{"href":"https:\/\/www.atta45.se\/e-butik\/wp-json\/wp\/v2\/media?parent=19281"}],"wp:term":[{"taxonomy":"product_brand","embeddable":true,"href":"https:\/\/www.atta45.se\/e-butik\/wp-json\/wp\/v2\/product_brand?post=19281"},{"taxonomy":"product_cat","embeddable":true,"href":"https:\/\/www.atta45.se\/e-butik\/wp-json\/wp\/v2\/product_cat?post=19281"},{"taxonomy":"product_tag","embeddable":true,"href":"https:\/\/www.atta45.se\/e-butik\/wp-json\/wp\/v2\/product_tag?post=19281"}],"curies":[{"name":"wp","href":"https:\/\/api.w.org\/{rel}","templated":true}]}}