{"id":19257,"date":"2024-12-26T14:53:49","date_gmt":"2024-12-26T13:53:49","guid":{"rendered":"https:\/\/www.atta45.se\/e-butik\/?post_type=product&#038;p=19257"},"modified":"2025-10-27T15:21:06","modified_gmt":"2025-10-27T14:21:06","slug":"skrivmapp-i-kartong-2","status":"publish","type":"product","link":"https:\/\/www.atta45.se\/e-butik\/produkt\/skrivmapp-i-kartong-2\/","title":{"rendered":"Skrivmapp i kartong Keisha"},"content":{"rendered":"<p>Skrivmapp i kartong med 20-sidigt anteckningsblock (ca A4), en penna i kartong (svart bl\u00e4ck) samt sj\u00e4lvh\u00e4ftande notislappar i fyra f\u00e4rger med 25 ark per f\u00e4rg. Foldern har ett integrerat handtag.<\/p>\n","protected":false},"excerpt":{"rendered":"<p>Skrivmapp i kartong med 20-sidigt anteckningsblock (ca A4), en penna i kartong (svart bl\u00e4ck) samt sj\u00e4lvh\u00e4ftande notislappar i fyra f\u00e4rger med 25 ark per f\u00e4rg. Foldern har ett integrerat handtag.<\/p>\n","protected":false},"featured_media":19258,"template":"","meta":{"_acf_changed":false,"_seopress_robots_primary_cat":"","_seopress_titles_title":"","_seopress_titles_desc":"","_seopress_robots_index":""},"product_brand":[],"product_cat":[15],"product_tag":[],"class_list":{"0":"post-19257","1":"product","2":"type-product","3":"status-publish","4":"has-post-thumbnail","6":"product_cat-okategoriserad","7":"atta45_taxonomy-elektronik-kontor-anteckningsbocker-sv","8":"atta45_taxonomy-tema-inspiration-ogonblick-en-gron-planet-sv","9":"atta45_taxonomy-tema-inspiration-grona-intryck-sv","10":"atta45_taxonomy-tema-inspiration-grona-intryck-kartong-sv","11":"atta45_taxonomy-elektronik-kontor-kontorsartiklar-sv","12":"atta45_taxonomy-elektronik-kontor-memohallare-sv","13":"atta45_taxonomy-tema-inspiration-sv","15":"first","16":"instock","17":"taxable","18":"shipping-taxable","19":"purchasable","20":"product-type-variable"},"acf":[],"_links":{"self":[{"href":"https:\/\/www.atta45.se\/e-butik\/wp-json\/wp\/v2\/product\/19257","targetHints":{"allow":["GET"]}}],"collection":[{"href":"https:\/\/www.atta45.se\/e-butik\/wp-json\/wp\/v2\/product"}],"about":[{"href":"https:\/\/www.atta45.se\/e-butik\/wp-json\/wp\/v2\/types\/product"}],"wp:featuredmedia":[{"embeddable":true,"href":"https:\/\/www.atta45.se\/e-butik\/wp-json\/wp\/v2\/media\/19258"}],"wp:attachment":[{"href":"https:\/\/www.atta45.se\/e-butik\/wp-json\/wp\/v2\/media?parent=19257"}],"wp:term":[{"taxonomy":"product_brand","embeddable":true,"href":"https:\/\/www.atta45.se\/e-butik\/wp-json\/wp\/v2\/product_brand?post=19257"},{"taxonomy":"product_cat","embeddable":true,"href":"https:\/\/www.atta45.se\/e-butik\/wp-json\/wp\/v2\/product_cat?post=19257"},{"taxonomy":"product_tag","embeddable":true,"href":"https:\/\/www.atta45.se\/e-butik\/wp-json\/wp\/v2\/product_tag?post=19257"}],"curies":[{"name":"wp","href":"https:\/\/api.w.org\/{rel}","templated":true}]}}