{"id":19137,"date":"2024-12-26T14:53:01","date_gmt":"2024-12-26T13:53:01","guid":{"rendered":"https:\/\/www.atta45.se\/e-butik\/?post_type=product&#038;p=19137"},"modified":"2025-10-27T14:54:32","modified_gmt":"2025-10-27T13:54:32","slug":"moln-och-regnbage-memo-tejphallare","status":"publish","type":"product","link":"https:\/\/www.atta45.se\/e-butik\/produkt\/moln-och-regnbage-memo-tejphallare\/","title":{"rendered":"Tejph\u00e5llare Moln-och-regnb\u00e5ge memo Francesco"},"content":{"rendered":"<p>Tejph\u00e5llare i plast formad som ett moln med regnb\u00e5ge. H\u00e5llaren \u00e4r vit och f\u00e4rgerna p\u00e5 memo-tejpen \u00e4r bl\u00e5, gr\u00f6na, gula, orange och rosa (2.5 m av varje f\u00e4rg).<\/p>\n","protected":false},"excerpt":{"rendered":"<p>Tejph\u00e5llare i plast formad som ett moln med regnb\u00e5ge. H\u00e5llaren \u00e4r vit och f\u00e4rgerna p\u00e5 memo-tejpen \u00e4r bl\u00e5, gr\u00f6na, gula, orange och rosa (2.5 m av varje f\u00e4rg).<\/p>\n","protected":false},"featured_media":19138,"template":"","meta":{"_acf_changed":false,"_seopress_robots_primary_cat":"","_seopress_titles_title":"","_seopress_titles_desc":"","_seopress_robots_index":""},"product_brand":[],"product_cat":[15],"product_tag":[],"class_list":{"0":"post-19137","1":"product","2":"type-product","3":"status-publish","4":"has-post-thumbnail","6":"product_cat-okategoriserad","7":"atta45_taxonomy-elektronik-kontor-anteckningsbocker-sv","8":"atta45_taxonomy-tema-inspiration-ogonblick-arbete-pagar-sv","9":"atta45_taxonomy-tema-inspiration-branscher-sv","10":"atta45_taxonomy-elektronik-kontor-kontorsartiklar-sv","11":"atta45_taxonomy-elektronik-kontor-memohallare-sv","12":"atta45_taxonomy-tema-inspiration-sv","13":"atta45_taxonomy-tema-inspiration-branscher-utbildning-sv","15":"first","16":"instock","17":"taxable","18":"shipping-taxable","19":"purchasable","20":"product-type-variable"},"acf":[],"_links":{"self":[{"href":"https:\/\/www.atta45.se\/e-butik\/wp-json\/wp\/v2\/product\/19137","targetHints":{"allow":["GET"]}}],"collection":[{"href":"https:\/\/www.atta45.se\/e-butik\/wp-json\/wp\/v2\/product"}],"about":[{"href":"https:\/\/www.atta45.se\/e-butik\/wp-json\/wp\/v2\/types\/product"}],"wp:featuredmedia":[{"embeddable":true,"href":"https:\/\/www.atta45.se\/e-butik\/wp-json\/wp\/v2\/media\/19138"}],"wp:attachment":[{"href":"https:\/\/www.atta45.se\/e-butik\/wp-json\/wp\/v2\/media?parent=19137"}],"wp:term":[{"taxonomy":"product_brand","embeddable":true,"href":"https:\/\/www.atta45.se\/e-butik\/wp-json\/wp\/v2\/product_brand?post=19137"},{"taxonomy":"product_cat","embeddable":true,"href":"https:\/\/www.atta45.se\/e-butik\/wp-json\/wp\/v2\/product_cat?post=19137"},{"taxonomy":"product_tag","embeddable":true,"href":"https:\/\/www.atta45.se\/e-butik\/wp-json\/wp\/v2\/product_tag?post=19137"}],"curies":[{"name":"wp","href":"https:\/\/api.w.org\/{rel}","templated":true}]}}