{"id":19071,"date":"2024-12-26T14:52:37","date_gmt":"2024-12-26T13:52:37","guid":{"rendered":"https:\/\/www.atta45.se\/e-butik\/?post_type=product&#038;p=19071"},"modified":"2025-10-27T14:52:52","modified_gmt":"2025-10-27T13:52:52","slug":"skrivmapp-i-kartong","status":"publish","type":"product","link":"https:\/\/www.atta45.se\/e-butik\/produkt\/skrivmapp-i-kartong\/","title":{"rendered":"Skrivmapp i kartong Montana"},"content":{"rendered":"<p>Skrivmapp i kartong med 40-sidigt anteckningsblock, linjal i bambu (15 cm), penna i kartong med detaljer i plast (bl\u00e5tt bl\u00e4ck), tv\u00e5 blyertspennor, en pennv\u00e4ssare, ett suddgummi, notislappar (25 ark per f\u00e4rg) samt en innerficka.<\/p>\n","protected":false},"excerpt":{"rendered":"<p>Skrivmapp i kartong med 40-sidigt anteckningsblock, linjal i bambu (15 cm), penna i kartong med detaljer i plast (bl\u00e5tt bl\u00e4ck), tv\u00e5 blyertspennor, en pennv\u00e4ssare, ett suddgummi, notislappar (25 ark per f\u00e4rg) samt en innerficka.<\/p>\n","protected":false},"featured_media":19072,"template":"","meta":{"_acf_changed":false,"_seopress_robots_primary_cat":"","_seopress_titles_title":"","_seopress_titles_desc":"","_seopress_robots_index":""},"product_brand":[],"product_cat":[15],"product_tag":[],"class_list":{"0":"post-19071","1":"product","2":"type-product","3":"status-publish","4":"has-post-thumbnail","6":"product_cat-okategoriserad","7":"atta45_taxonomy-elektronik-kontor-anteckningsbocker-sv","8":"atta45_taxonomy-tema-inspiration-ogonblick-en-gron-planet-sv","9":"atta45_taxonomy-tema-inspiration-grona-intryck-sv","10":"atta45_taxonomy-tema-inspiration-grona-intryck-kartong-sv","11":"atta45_taxonomy-elektronik-kontor-kontorsartiklar-sv","12":"atta45_taxonomy-elektronik-kontor-memohallare-sv","13":"atta45_taxonomy-tema-inspiration-sv","15":"first","16":"instock","17":"taxable","18":"shipping-taxable","19":"purchasable","20":"product-type-variable"},"acf":[],"_links":{"self":[{"href":"https:\/\/www.atta45.se\/e-butik\/wp-json\/wp\/v2\/product\/19071","targetHints":{"allow":["GET"]}}],"collection":[{"href":"https:\/\/www.atta45.se\/e-butik\/wp-json\/wp\/v2\/product"}],"about":[{"href":"https:\/\/www.atta45.se\/e-butik\/wp-json\/wp\/v2\/types\/product"}],"wp:featuredmedia":[{"embeddable":true,"href":"https:\/\/www.atta45.se\/e-butik\/wp-json\/wp\/v2\/media\/19072"}],"wp:attachment":[{"href":"https:\/\/www.atta45.se\/e-butik\/wp-json\/wp\/v2\/media?parent=19071"}],"wp:term":[{"taxonomy":"product_brand","embeddable":true,"href":"https:\/\/www.atta45.se\/e-butik\/wp-json\/wp\/v2\/product_brand?post=19071"},{"taxonomy":"product_cat","embeddable":true,"href":"https:\/\/www.atta45.se\/e-butik\/wp-json\/wp\/v2\/product_cat?post=19071"},{"taxonomy":"product_tag","embeddable":true,"href":"https:\/\/www.atta45.se\/e-butik\/wp-json\/wp\/v2\/product_tag?post=19071"}],"curies":[{"name":"wp","href":"https:\/\/api.w.org\/{rel}","templated":true}]}}