{"id":18911,"date":"2024-12-26T14:51:34","date_gmt":"2024-12-26T13:51:34","guid":{"rendered":"https:\/\/www.atta45.se\/e-butik\/?post_type=product&#038;p=18911"},"modified":"2025-10-27T14:31:51","modified_gmt":"2025-10-27T13:31:51","slug":"a5-dokumentmapp","status":"publish","type":"product","link":"https:\/\/www.atta45.se\/e-butik\/produkt\/a5-dokumentmapp\/","title":{"rendered":"Dokumentmapp (ca A5) PU Therese"},"content":{"rendered":"<p>Dokumentmapp (A5) i PU med dragkedja, vita s\u00f6mmar, elastisk pennh\u00e5llare, 6 fickor i olika storlekar, linjerat skrivblock (30 blad). Microfiber p\u00e5 insidan. Penna ing\u00e5r ej.<\/p>\n","protected":false},"excerpt":{"rendered":"<p>Dokumentmapp (A5) i PU med dragkedja, vita s\u00f6mmar, elastisk pennh\u00e5llare, 6 fickor i olika storlekar, linjerat skrivblock (30 blad). Microfiber p\u00e5 insidan. Penna ing\u00e5r ej.<\/p>\n","protected":false},"featured_media":18912,"template":"","meta":{"_acf_changed":false,"_seopress_robots_primary_cat":"","_seopress_titles_title":"","_seopress_titles_desc":"","_seopress_robots_index":""},"product_brand":[],"product_cat":[15],"product_tag":[],"class_list":{"0":"post-18911","1":"product","2":"type-product","3":"status-publish","4":"has-post-thumbnail","6":"product_cat-okategoriserad","7":"atta45_taxonomy-elektronik-kontor-anteckningsbocker-sv","8":"atta45_taxonomy-elektronik-kontor-konferensmappar-sv","9":"atta45_taxonomy-elektronik-kontor-kontorsartiklar-sv","10":"atta45_taxonomy-tema-inspiration-ogonblick-kontorsliv-sv","11":"atta45_taxonomy-elektronik-kontor-memohallare-sv","12":"atta45_taxonomy-tema-inspiration-sv","14":"first","15":"instock","16":"taxable","17":"shipping-taxable","18":"purchasable","19":"product-type-variable"},"acf":[],"_links":{"self":[{"href":"https:\/\/www.atta45.se\/e-butik\/wp-json\/wp\/v2\/product\/18911","targetHints":{"allow":["GET"]}}],"collection":[{"href":"https:\/\/www.atta45.se\/e-butik\/wp-json\/wp\/v2\/product"}],"about":[{"href":"https:\/\/www.atta45.se\/e-butik\/wp-json\/wp\/v2\/types\/product"}],"wp:featuredmedia":[{"embeddable":true,"href":"https:\/\/www.atta45.se\/e-butik\/wp-json\/wp\/v2\/media\/18912"}],"wp:attachment":[{"href":"https:\/\/www.atta45.se\/e-butik\/wp-json\/wp\/v2\/media?parent=18911"}],"wp:term":[{"taxonomy":"product_brand","embeddable":true,"href":"https:\/\/www.atta45.se\/e-butik\/wp-json\/wp\/v2\/product_brand?post=18911"},{"taxonomy":"product_cat","embeddable":true,"href":"https:\/\/www.atta45.se\/e-butik\/wp-json\/wp\/v2\/product_cat?post=18911"},{"taxonomy":"product_tag","embeddable":true,"href":"https:\/\/www.atta45.se\/e-butik\/wp-json\/wp\/v2\/product_tag?post=18911"}],"curies":[{"name":"wp","href":"https:\/\/api.w.org\/{rel}","templated":true}]}}