{"id":18881,"date":"2024-12-26T14:51:25","date_gmt":"2024-12-26T13:51:25","guid":{"rendered":"https:\/\/www.atta45.se\/e-butik\/?post_type=product&#038;p=18881"},"modified":"2025-10-27T14:27:15","modified_gmt":"2025-10-27T13:27:15","slug":"anteckningsbok-i-kartong-ca-a5","status":"publish","type":"product","link":"https:\/\/www.atta45.se\/e-butik\/produkt\/anteckningsbok-i-kartong-ca-a5\/","title":{"rendered":"Anteckningsbok i kartong (ca A5) Chanelle"},"content":{"rendered":"<p>Anteckningsbok (ca A5) i kartong med elastiskt band f\u00f6r st\u00e4ngning. Boken har 128 linjerade sidor och en ficka i papper p\u00e5 omslagets insida. Baksidan har \u00e4r m\u00e4rkt med IMPRESSION-logo.<\/p>\n","protected":false},"excerpt":{"rendered":"<p>Anteckningsbok (ca A5) i kartong med elastiskt band f\u00f6r st\u00e4ngning. Boken har 128 linjerade sidor och en ficka i papper p\u00e5 omslagets insida. Baksidan har \u00e4r m\u00e4rkt med IMPRESSION-logo.<\/p>\n","protected":false},"featured_media":18882,"template":"","meta":{"_acf_changed":false,"_seopress_robots_primary_cat":"","_seopress_titles_title":"","_seopress_titles_desc":"","_seopress_robots_index":""},"product_brand":[],"product_cat":[15],"product_tag":[],"class_list":{"0":"post-18881","1":"product","2":"type-product","3":"status-publish","4":"has-post-thumbnail","6":"product_cat-okategoriserad","7":"atta45_taxonomy-elektronik-kontor-anteckningsbocker-sv","8":"atta45_taxonomy-tema-inspiration-ogonblick-en-gron-planet-sv","9":"atta45_taxonomy-elektronik-kontor-kontorsartiklar-sv","10":"atta45_taxonomy-elektronik-kontor-memohallare-sv","11":"atta45_taxonomy-tema-inspiration-ogonblick-skoldags-sv","12":"atta45_taxonomy-tema-inspiration-sv","14":"first","15":"instock","16":"taxable","17":"shipping-taxable","18":"purchasable","19":"product-type-variable"},"acf":[],"_links":{"self":[{"href":"https:\/\/www.atta45.se\/e-butik\/wp-json\/wp\/v2\/product\/18881","targetHints":{"allow":["GET"]}}],"collection":[{"href":"https:\/\/www.atta45.se\/e-butik\/wp-json\/wp\/v2\/product"}],"about":[{"href":"https:\/\/www.atta45.se\/e-butik\/wp-json\/wp\/v2\/types\/product"}],"wp:featuredmedia":[{"embeddable":true,"href":"https:\/\/www.atta45.se\/e-butik\/wp-json\/wp\/v2\/media\/18882"}],"wp:attachment":[{"href":"https:\/\/www.atta45.se\/e-butik\/wp-json\/wp\/v2\/media?parent=18881"}],"wp:term":[{"taxonomy":"product_brand","embeddable":true,"href":"https:\/\/www.atta45.se\/e-butik\/wp-json\/wp\/v2\/product_brand?post=18881"},{"taxonomy":"product_cat","embeddable":true,"href":"https:\/\/www.atta45.se\/e-butik\/wp-json\/wp\/v2\/product_cat?post=18881"},{"taxonomy":"product_tag","embeddable":true,"href":"https:\/\/www.atta45.se\/e-butik\/wp-json\/wp\/v2\/product_tag?post=18881"}],"curies":[{"name":"wp","href":"https:\/\/api.w.org\/{rel}","templated":true}]}}