{"id":18837,"date":"2024-12-26T14:51:06","date_gmt":"2024-12-26T13:51:06","guid":{"rendered":"https:\/\/www.atta45.se\/e-butik\/?post_type=product&#038;p=18837"},"modified":"2025-10-27T14:10:15","modified_gmt":"2025-10-27T13:10:15","slug":"notisblock-med-linjal","status":"publish","type":"product","link":"https:\/\/www.atta45.se\/e-butik\/produkt\/notisblock-med-linjal\/","title":{"rendered":"Notisblock med linjal i kartong Riva"},"content":{"rendered":"<p>Notisblock i kartong med millimeterskala (130 mm). Fyra olika sm\u00e5 notislappar (100) och 1 set med st\u00f6rre notislappar. Kulspetspenna i kartong med f\u00e4rgade detaljer och klickmekanism ing\u00e5r. Bl\u00e5tt bl\u00e4ck.<\/p>\n","protected":false},"excerpt":{"rendered":"<p>Notisblock i kartong med millimeterskala (130 mm). Fyra olika sm\u00e5 notislappar (100) och 1 set med st\u00f6rre notislappar. Kulspetspenna i kartong med f\u00e4rgade detaljer och klickmekanism ing\u00e5r. Bl\u00e5tt bl\u00e4ck.<\/p>\n","protected":false},"featured_media":18838,"template":"","meta":{"_acf_changed":false,"_seopress_robots_primary_cat":"","_seopress_titles_title":"","_seopress_titles_desc":"","_seopress_robots_index":""},"product_brand":[],"product_cat":[15],"product_tag":[],"class_list":{"0":"post-18837","1":"product","2":"type-product","3":"status-publish","4":"has-post-thumbnail","6":"product_cat-okategoriserad","7":"atta45_taxonomy-elektronik-kontor-anteckningsbocker-sv","8":"atta45_taxonomy-tema-inspiration-ogonblick-en-gron-planet-sv","9":"atta45_taxonomy-tema-inspiration-grona-intryck-sv","10":"atta45_taxonomy-tema-inspiration-grona-intryck-kartong-sv","11":"atta45_taxonomy-elektronik-kontor-kontorsartiklar-sv","12":"atta45_taxonomy-elektronik-kontor-memohallare-sv","13":"atta45_taxonomy-tema-inspiration-sv","15":"first","16":"instock","17":"taxable","18":"shipping-taxable","19":"purchasable","20":"product-type-variable"},"acf":[],"_links":{"self":[{"href":"https:\/\/www.atta45.se\/e-butik\/wp-json\/wp\/v2\/product\/18837","targetHints":{"allow":["GET"]}}],"collection":[{"href":"https:\/\/www.atta45.se\/e-butik\/wp-json\/wp\/v2\/product"}],"about":[{"href":"https:\/\/www.atta45.se\/e-butik\/wp-json\/wp\/v2\/types\/product"}],"wp:featuredmedia":[{"embeddable":true,"href":"https:\/\/www.atta45.se\/e-butik\/wp-json\/wp\/v2\/media\/18838"}],"wp:attachment":[{"href":"https:\/\/www.atta45.se\/e-butik\/wp-json\/wp\/v2\/media?parent=18837"}],"wp:term":[{"taxonomy":"product_brand","embeddable":true,"href":"https:\/\/www.atta45.se\/e-butik\/wp-json\/wp\/v2\/product_brand?post=18837"},{"taxonomy":"product_cat","embeddable":true,"href":"https:\/\/www.atta45.se\/e-butik\/wp-json\/wp\/v2\/product_cat?post=18837"},{"taxonomy":"product_tag","embeddable":true,"href":"https:\/\/www.atta45.se\/e-butik\/wp-json\/wp\/v2\/product_tag?post=18837"}],"curies":[{"name":"wp","href":"https:\/\/api.w.org\/{rel}","templated":true}]}}