{"id":18819,"date":"2024-12-26T14:50:59","date_gmt":"2024-12-26T13:50:59","guid":{"rendered":"https:\/\/www.atta45.se\/e-butik\/?post_type=product&#038;p=18819"},"modified":"2025-10-28T00:13:54","modified_gmt":"2025-10-27T23:13:54","slug":"anteckningsbok-i-korkmonstrad-pu-ca-a5","status":"publish","type":"product","link":"https:\/\/www.atta45.se\/e-butik\/produkt\/anteckningsbok-i-korkmonstrad-pu-ca-a5\/","title":{"rendered":"Anteckningsbok i korkm\u00f6nstrad PU (ca A5) Violet"},"content":{"rendered":"<p>Anteckningsbok med omslag i korkm\u00f6nstrad PU. Storlek ca A5. 96 st linjerade sidor, matchande band f\u00f6r sidmarkering och matchande elastiskt band f\u00f6r st\u00e4ngning.<\/p>\n","protected":false},"excerpt":{"rendered":"<p>Anteckningsbok med omslag i korkm\u00f6nstrad PU. Storlek ca A5. 96 st linjerade sidor, matchande band f\u00f6r sidmarkering och matchande elastiskt band f\u00f6r st\u00e4ngning.<\/p>\n","protected":false},"featured_media":18820,"template":"","meta":{"_acf_changed":false,"_seopress_robots_primary_cat":"","_seopress_titles_title":"","_seopress_titles_desc":"","_seopress_robots_index":""},"product_brand":[],"product_cat":[15],"product_tag":[],"class_list":{"0":"post-18819","1":"product","2":"type-product","3":"status-publish","4":"has-post-thumbnail","6":"product_cat-okategoriserad","7":"atta45_taxonomy-elektronik-kontor-anteckningsbocker-sv","8":"atta45_taxonomy-tema-inspiration-ogonblick-en-gron-planet-sv","9":"atta45_taxonomy-elektronik-kontor-kontorsartiklar-sv","10":"atta45_taxonomy-elektronik-kontor-memohallare-sv","11":"atta45_taxonomy-tema-inspiration-sv","13":"first","14":"instock","15":"taxable","16":"shipping-taxable","17":"purchasable","18":"product-type-variable"},"acf":[],"_links":{"self":[{"href":"https:\/\/www.atta45.se\/e-butik\/wp-json\/wp\/v2\/product\/18819","targetHints":{"allow":["GET"]}}],"collection":[{"href":"https:\/\/www.atta45.se\/e-butik\/wp-json\/wp\/v2\/product"}],"about":[{"href":"https:\/\/www.atta45.se\/e-butik\/wp-json\/wp\/v2\/types\/product"}],"wp:featuredmedia":[{"embeddable":true,"href":"https:\/\/www.atta45.se\/e-butik\/wp-json\/wp\/v2\/media\/18820"}],"wp:attachment":[{"href":"https:\/\/www.atta45.se\/e-butik\/wp-json\/wp\/v2\/media?parent=18819"}],"wp:term":[{"taxonomy":"product_brand","embeddable":true,"href":"https:\/\/www.atta45.se\/e-butik\/wp-json\/wp\/v2\/product_brand?post=18819"},{"taxonomy":"product_cat","embeddable":true,"href":"https:\/\/www.atta45.se\/e-butik\/wp-json\/wp\/v2\/product_cat?post=18819"},{"taxonomy":"product_tag","embeddable":true,"href":"https:\/\/www.atta45.se\/e-butik\/wp-json\/wp\/v2\/product_tag?post=18819"}],"curies":[{"name":"wp","href":"https:\/\/api.w.org\/{rel}","templated":true}]}}