{"id":18369,"date":"2024-12-26T14:48:00","date_gmt":"2024-12-26T13:48:00","guid":{"rendered":"https:\/\/www.atta45.se\/e-butik\/?post_type=product&#038;p=18369"},"modified":"2025-10-27T22:28:28","modified_gmt":"2025-10-27T21:28:28","slug":"anteckningsbok-i-konstlader-a5","status":"publish","type":"product","link":"https:\/\/www.atta45.se\/e-butik\/produkt\/anteckningsbok-i-konstlader-a5\/","title":{"rendered":"Anteckningsbok i PU (A5), Eva"},"content":{"rendered":"<p>Elegant anteckningsblock, i n\u00e4ra A5 storlek, med omslag av konstl\u00e4der i m\u00e5nga olika f\u00e4rger. Inneh\u00e5ller 96 linjerade sidor. Dessutom finns ett bokm\u00e4rke och ett elastiskt band som g\u00f6r att blocket kan h\u00e5llas st\u00e4ngt.<\/p>\n","protected":false},"excerpt":{"rendered":"<p>Elegant anteckningsblock, i n\u00e4ra A5 storlek, med omslag av konstl\u00e4der i m\u00e5nga olika f\u00e4rger. Inneh\u00e5ller 96 linjerade sidor. Dessutom finns ett bokm\u00e4rke och ett elastiskt band som g\u00f6r att blocket kan h\u00e5llas st\u00e4ngt.<\/p>\n","protected":false},"featured_media":18370,"template":"","meta":{"_acf_changed":false,"_seopress_robots_primary_cat":"","_seopress_titles_title":"","_seopress_titles_desc":"","_seopress_robots_index":""},"product_brand":[],"product_cat":[15],"product_tag":[],"class_list":{"0":"post-18369","1":"product","2":"type-product","3":"status-publish","4":"has-post-thumbnail","6":"product_cat-okategoriserad","7":"atta45_taxonomy-elektronik-kontor-anteckningsbocker-sv","8":"atta45_taxonomy-tema-inspiration-ogonblick-fargglad-lycka-sv","9":"atta45_taxonomy-elektronik-kontor-kontorsartiklar-sv","10":"atta45_taxonomy-tema-inspiration-speciella-trycktekniker-name-it-sv","11":"atta45_taxonomy-elektronik-kontor-memohallare-sv","12":"atta45_taxonomy-tema-inspiration-utvalda-produkter-snabbleverans-sv","13":"atta45_taxonomy-tema-inspiration-speciella-trycktekniker-sv","14":"atta45_taxonomy-tema-inspiration-sv","16":"first","17":"instock","18":"taxable","19":"shipping-taxable","20":"purchasable","21":"product-type-variable"},"acf":[],"_links":{"self":[{"href":"https:\/\/www.atta45.se\/e-butik\/wp-json\/wp\/v2\/product\/18369","targetHints":{"allow":["GET"]}}],"collection":[{"href":"https:\/\/www.atta45.se\/e-butik\/wp-json\/wp\/v2\/product"}],"about":[{"href":"https:\/\/www.atta45.se\/e-butik\/wp-json\/wp\/v2\/types\/product"}],"wp:featuredmedia":[{"embeddable":true,"href":"https:\/\/www.atta45.se\/e-butik\/wp-json\/wp\/v2\/media\/18370"}],"wp:attachment":[{"href":"https:\/\/www.atta45.se\/e-butik\/wp-json\/wp\/v2\/media?parent=18369"}],"wp:term":[{"taxonomy":"product_brand","embeddable":true,"href":"https:\/\/www.atta45.se\/e-butik\/wp-json\/wp\/v2\/product_brand?post=18369"},{"taxonomy":"product_cat","embeddable":true,"href":"https:\/\/www.atta45.se\/e-butik\/wp-json\/wp\/v2\/product_cat?post=18369"},{"taxonomy":"product_tag","embeddable":true,"href":"https:\/\/www.atta45.se\/e-butik\/wp-json\/wp\/v2\/product_tag?post=18369"}],"curies":[{"name":"wp","href":"https:\/\/api.w.org\/{rel}","templated":true}]}}