{"id":18231,"date":"2024-12-26T14:47:12","date_gmt":"2024-12-26T13:47:12","guid":{"rendered":"https:\/\/www.atta45.se\/e-butik\/?post_type=product&#038;p=18231"},"modified":"2025-10-27T20:34:11","modified_gmt":"2025-10-27T19:34:11","slug":"anteckningsbok-a5-av-atervunnet-bioavfall-och-kartong-gertrud","status":"publish","type":"product","link":"https:\/\/www.atta45.se\/e-butik\/produkt\/anteckningsbok-a5-av-atervunnet-bioavfall-och-kartong-gertrud\/","title":{"rendered":"Anteckningsbok (A5) av \u00e5tervunnet bioavfall och kartong Gertrud"},"content":{"rendered":"<p>Anteckningsbok (ca A5) av \u00e5tervunnet bioavfall och kartong, med 80 linjerade sidor, tryckt med sojabl\u00e4ck. Varje anteckningsbok har pr\u00e4gling p\u00e5 baksidan som motsvarar f\u00e4rgen p\u00e5 det anv\u00e4nda avfallet: gr\u00f6nt f\u00f6r citrus, r\u00f6tt f\u00f6r k\u00f6rsb\u00e4r, bl\u00e5tt f\u00f6r lavendel, khaki f\u00f6r vindruvor och ljusbrunt f\u00f6r mandel. Omslaget har Favini-papper fr\u00e5n Italien och har 70 g papper.<\/p>\n","protected":false},"excerpt":{"rendered":"<p>Anteckningsbok (ca A5) av \u00e5tervunnet bioavfall och kartong, med 80 linjerade sidor, tryckt med sojabl\u00e4ck. Varje anteckningsbok har pr\u00e4gling p\u00e5 baksidan som motsvarar f\u00e4rgen p\u00e5 det anv\u00e4nda avfallet: gr\u00f6nt f\u00f6r citrus, r\u00f6tt f\u00f6r k\u00f6rsb\u00e4r, bl\u00e5tt f\u00f6r lavendel, khaki f\u00f6r vindruvor och ljusbrunt f\u00f6r mandel. Omslaget har Favini-papper fr\u00e5n Italien och har 70 g papper.<\/p>\n","protected":false},"featured_media":18232,"template":"","meta":{"_acf_changed":false,"_seopress_robots_primary_cat":"","_seopress_titles_title":"","_seopress_titles_desc":"","_seopress_robots_index":""},"product_brand":[],"product_cat":[15],"product_tag":[],"class_list":{"0":"post-18231","1":"product","2":"type-product","3":"status-publish","4":"has-post-thumbnail","6":"product_cat-okategoriserad","7":"atta45_taxonomy-elektronik-kontor-anteckningsbocker-sv","8":"atta45_taxonomy-tema-inspiration-grona-intryck-sv","9":"atta45_taxonomy-tema-inspiration-grona-intryck-kartong-sv","10":"atta45_taxonomy-tema-inspiration-ogonblick-kontorsliv-sv","11":"atta45_taxonomy-tema-inspiration-utvalda-produkter-nyheter-sv","12":"atta45_taxonomy-nyheter-sv","13":"atta45_taxonomy-tema-inspiration-sv","14":"atta45_taxonomy-tema-inspiration-branscher-utbildning-sv","16":"first","17":"instock","18":"taxable","19":"shipping-taxable","20":"purchasable","21":"product-type-variable"},"acf":[],"_links":{"self":[{"href":"https:\/\/www.atta45.se\/e-butik\/wp-json\/wp\/v2\/product\/18231","targetHints":{"allow":["GET"]}}],"collection":[{"href":"https:\/\/www.atta45.se\/e-butik\/wp-json\/wp\/v2\/product"}],"about":[{"href":"https:\/\/www.atta45.se\/e-butik\/wp-json\/wp\/v2\/types\/product"}],"wp:featuredmedia":[{"embeddable":true,"href":"https:\/\/www.atta45.se\/e-butik\/wp-json\/wp\/v2\/media\/18232"}],"wp:attachment":[{"href":"https:\/\/www.atta45.se\/e-butik\/wp-json\/wp\/v2\/media?parent=18231"}],"wp:term":[{"taxonomy":"product_brand","embeddable":true,"href":"https:\/\/www.atta45.se\/e-butik\/wp-json\/wp\/v2\/product_brand?post=18231"},{"taxonomy":"product_cat","embeddable":true,"href":"https:\/\/www.atta45.se\/e-butik\/wp-json\/wp\/v2\/product_cat?post=18231"},{"taxonomy":"product_tag","embeddable":true,"href":"https:\/\/www.atta45.se\/e-butik\/wp-json\/wp\/v2\/product_tag?post=18231"}],"curies":[{"name":"wp","href":"https:\/\/api.w.org\/{rel}","templated":true}]}}