{"id":18149,"date":"2024-12-26T14:46:39","date_gmt":"2024-12-26T13:46:39","guid":{"rendered":"https:\/\/www.atta45.se\/e-butik\/?post_type=product&#038;p=18149"},"modified":"2025-10-27T20:19:57","modified_gmt":"2025-10-27T19:19:57","slug":"rpet-mapp-a4-jasmin","status":"publish","type":"product","link":"https:\/\/www.atta45.se\/e-butik\/produkt\/rpet-mapp-a4-jasmin\/","title":{"rendered":"rPET mapp (A4) Jasmin"},"content":{"rendered":"<p>rPET-portf\u00f6lj (ca A4) med PU-detalj och dragkedja. Inkluderar en anteckningsbok med 20 linjerade sidor (70 g), flera fack och en penn\u00f6gla. Liten ficka p\u00e5 framsidan. Individuellt f\u00f6rpackad i brun kraftl\u00e5da.<\/p>\n","protected":false},"excerpt":{"rendered":"<p>rPET-portf\u00f6lj (ca A4) med PU-detalj och dragkedja. Inkluderar en anteckningsbok med 20 linjerade sidor (70 g), flera fack och en penn\u00f6gla. Liten ficka p\u00e5 framsidan. Individuellt f\u00f6rpackad i brun kraftl\u00e5da.<\/p>\n","protected":false},"featured_media":18150,"template":"","meta":{"_acf_changed":false,"_seopress_robots_primary_cat":"","_seopress_titles_title":"","_seopress_titles_desc":"","_seopress_robots_index":""},"product_brand":[],"product_cat":[15],"product_tag":[],"class_list":{"0":"post-18149","1":"product","2":"type-product","3":"status-publish","4":"has-post-thumbnail","6":"product_cat-okategoriserad","7":"atta45_taxonomy-elektronik-kontor-anteckningsbocker-sv","8":"atta45_taxonomy-tema-inspiration-grona-intryck-sv","9":"atta45_taxonomy-elektronik-kontor-konferensmappar-sv","10":"atta45_taxonomy-elektronik-kontor-kontorsartiklar-sv","11":"atta45_taxonomy-tema-inspiration-ogonblick-kontorsliv-sv","12":"atta45_taxonomy-elektronik-kontor-memohallare-sv","13":"atta45_taxonomy-tema-inspiration-utvalda-produkter-nyheter-sv","14":"atta45_taxonomy-nyheter-sv","15":"atta45_taxonomy-tema-inspiration-ogonblick-skoldags-sv","16":"atta45_taxonomy-tema-inspiration-sv","18":"first","19":"instock","20":"taxable","21":"shipping-taxable","22":"purchasable","23":"product-type-variable"},"acf":[],"_links":{"self":[{"href":"https:\/\/www.atta45.se\/e-butik\/wp-json\/wp\/v2\/product\/18149","targetHints":{"allow":["GET"]}}],"collection":[{"href":"https:\/\/www.atta45.se\/e-butik\/wp-json\/wp\/v2\/product"}],"about":[{"href":"https:\/\/www.atta45.se\/e-butik\/wp-json\/wp\/v2\/types\/product"}],"wp:featuredmedia":[{"embeddable":true,"href":"https:\/\/www.atta45.se\/e-butik\/wp-json\/wp\/v2\/media\/18150"}],"wp:attachment":[{"href":"https:\/\/www.atta45.se\/e-butik\/wp-json\/wp\/v2\/media?parent=18149"}],"wp:term":[{"taxonomy":"product_brand","embeddable":true,"href":"https:\/\/www.atta45.se\/e-butik\/wp-json\/wp\/v2\/product_brand?post=18149"},{"taxonomy":"product_cat","embeddable":true,"href":"https:\/\/www.atta45.se\/e-butik\/wp-json\/wp\/v2\/product_cat?post=18149"},{"taxonomy":"product_tag","embeddable":true,"href":"https:\/\/www.atta45.se\/e-butik\/wp-json\/wp\/v2\/product_tag?post=18149"}],"curies":[{"name":"wp","href":"https:\/\/api.w.org\/{rel}","templated":true}]}}