{"id":18115,"date":"2024-12-26T14:46:24","date_gmt":"2024-12-26T13:46:24","guid":{"rendered":"https:\/\/www.atta45.se\/e-butik\/?post_type=product&#038;p=18115"},"modified":"2025-10-27T20:19:34","modified_gmt":"2025-10-27T19:19:34","slug":"vikbar-mapp-av-rpet-a4-sven","status":"publish","type":"product","link":"https:\/\/www.atta45.se\/e-butik\/produkt\/vikbar-mapp-av-rpet-a4-sven\/","title":{"rendered":"Vikbar mapp av rPET (A4) Sven"},"content":{"rendered":"<p>Vikbar mapp av rPET (ca A4) med PU-detalj p\u00e5 omslaget. Inkluderar anteckningsbok med 20 raderade sidor (70g), flera fack, penn\u00f6gla och magnetisk st\u00e4ngning. Individuellt packad i f\u00f6rpackning av kraftpapper.<\/p>\n","protected":false},"excerpt":{"rendered":"<p>Vikbar mapp av rPET (ca A4) med PU-detalj p\u00e5 omslaget. Inkluderar anteckningsbok med 20 raderade sidor (70g), flera fack, penn\u00f6gla och magnetisk st\u00e4ngning. Individuellt packad i f\u00f6rpackning av kraftpapper.<\/p>\n","protected":false},"featured_media":18116,"template":"","meta":{"_acf_changed":false,"_seopress_robots_primary_cat":"","_seopress_titles_title":"","_seopress_titles_desc":"","_seopress_robots_index":""},"product_brand":[],"product_cat":[15],"product_tag":[],"class_list":{"0":"post-18115","1":"product","2":"type-product","3":"status-publish","4":"has-post-thumbnail","6":"product_cat-okategoriserad","7":"atta45_taxonomy-elektronik-kontor-anteckningsbocker-sv","8":"atta45_taxonomy-tema-inspiration-grona-intryck-sv","9":"atta45_taxonomy-elektronik-kontor-konferensmappar-sv","10":"atta45_taxonomy-elektronik-kontor-kontorsartiklar-sv","11":"atta45_taxonomy-tema-inspiration-ogonblick-kontorsliv-sv","12":"atta45_taxonomy-elektronik-kontor-memohallare-sv","13":"atta45_taxonomy-nyheter-sv","14":"atta45_taxonomy-tema-inspiration-utvalda-produkter-nyheter-sv","15":"atta45_taxonomy-tema-inspiration-sv","16":"atta45_taxonomy-vaskor-resetillbehor-sv","18":"first","19":"instock","20":"taxable","21":"shipping-taxable","22":"purchasable","23":"product-type-variable"},"acf":[],"_links":{"self":[{"href":"https:\/\/www.atta45.se\/e-butik\/wp-json\/wp\/v2\/product\/18115","targetHints":{"allow":["GET"]}}],"collection":[{"href":"https:\/\/www.atta45.se\/e-butik\/wp-json\/wp\/v2\/product"}],"about":[{"href":"https:\/\/www.atta45.se\/e-butik\/wp-json\/wp\/v2\/types\/product"}],"wp:featuredmedia":[{"embeddable":true,"href":"https:\/\/www.atta45.se\/e-butik\/wp-json\/wp\/v2\/media\/18116"}],"wp:attachment":[{"href":"https:\/\/www.atta45.se\/e-butik\/wp-json\/wp\/v2\/media?parent=18115"}],"wp:term":[{"taxonomy":"product_brand","embeddable":true,"href":"https:\/\/www.atta45.se\/e-butik\/wp-json\/wp\/v2\/product_brand?post=18115"},{"taxonomy":"product_cat","embeddable":true,"href":"https:\/\/www.atta45.se\/e-butik\/wp-json\/wp\/v2\/product_cat?post=18115"},{"taxonomy":"product_tag","embeddable":true,"href":"https:\/\/www.atta45.se\/e-butik\/wp-json\/wp\/v2\/product_tag?post=18115"}],"curies":[{"name":"wp","href":"https:\/\/api.w.org\/{rel}","templated":true}]}}