{"id":18095,"date":"2024-12-26T14:46:16","date_gmt":"2024-12-26T13:46:16","guid":{"rendered":"https:\/\/www.atta45.se\/e-butik\/?post_type=product&#038;p=18095"},"modified":"2025-10-27T20:18:34","modified_gmt":"2025-10-27T19:18:34","slug":"mapp-av-rpet-a5-tamara","status":"publish","type":"product","link":"https:\/\/www.atta45.se\/e-butik\/produkt\/mapp-av-rpet-a5-tamara\/","title":{"rendered":"Mapp av rPET (A5) Tamara"},"content":{"rendered":"<p>Mapp i rPET (ca A5) med svetsad finish. Inkluderar en anteckningsbok med 64 linjerade sidor (70 g), flera fack, en telefonh\u00e5llare och magnetisk st\u00e4ngning. Individuellt packad i f\u00f6rpackning av kraftpapper.<\/p>\n","protected":false},"excerpt":{"rendered":"<p>Mapp i rPET (ca A5) med svetsad finish. Inkluderar en anteckningsbok med 64 linjerade sidor (70 g), flera fack, en telefonh\u00e5llare och magnetisk st\u00e4ngning. Individuellt packad i f\u00f6rpackning av kraftpapper.<\/p>\n","protected":false},"featured_media":18096,"template":"","meta":{"_acf_changed":false,"_seopress_robots_primary_cat":"","_seopress_titles_title":"","_seopress_titles_desc":"","_seopress_robots_index":""},"product_brand":[],"product_cat":[15],"product_tag":[],"class_list":{"0":"post-18095","1":"product","2":"type-product","3":"status-publish","4":"has-post-thumbnail","6":"product_cat-okategoriserad","7":"atta45_taxonomy-elektronik-kontor-anteckningsbocker-sv","8":"atta45_taxonomy-tema-inspiration-grona-intryck-sv","9":"atta45_taxonomy-elektronik-kontor-konferensmappar-sv","10":"atta45_taxonomy-tema-inspiration-ogonblick-kontorsliv-sv","11":"atta45_taxonomy-nyheter-sv","12":"atta45_taxonomy-tema-inspiration-utvalda-produkter-nyheter-sv","13":"atta45_taxonomy-tema-inspiration-sv","14":"atta45_taxonomy-vaskor-resetillbehor-sv","16":"first","17":"instock","18":"taxable","19":"shipping-taxable","20":"purchasable","21":"product-type-variable"},"acf":[],"_links":{"self":[{"href":"https:\/\/www.atta45.se\/e-butik\/wp-json\/wp\/v2\/product\/18095","targetHints":{"allow":["GET"]}}],"collection":[{"href":"https:\/\/www.atta45.se\/e-butik\/wp-json\/wp\/v2\/product"}],"about":[{"href":"https:\/\/www.atta45.se\/e-butik\/wp-json\/wp\/v2\/types\/product"}],"wp:featuredmedia":[{"embeddable":true,"href":"https:\/\/www.atta45.se\/e-butik\/wp-json\/wp\/v2\/media\/18096"}],"wp:attachment":[{"href":"https:\/\/www.atta45.se\/e-butik\/wp-json\/wp\/v2\/media?parent=18095"}],"wp:term":[{"taxonomy":"product_brand","embeddable":true,"href":"https:\/\/www.atta45.se\/e-butik\/wp-json\/wp\/v2\/product_brand?post=18095"},{"taxonomy":"product_cat","embeddable":true,"href":"https:\/\/www.atta45.se\/e-butik\/wp-json\/wp\/v2\/product_cat?post=18095"},{"taxonomy":"product_tag","embeddable":true,"href":"https:\/\/www.atta45.se\/e-butik\/wp-json\/wp\/v2\/product_tag?post=18095"}],"curies":[{"name":"wp","href":"https:\/\/api.w.org\/{rel}","templated":true}]}}