{"id":18047,"date":"2024-12-26T14:45:53","date_gmt":"2024-12-26T13:45:53","guid":{"rendered":"https:\/\/www.atta45.se\/e-butik\/?post_type=product&#038;p=18047"},"modified":"2025-10-27T19:53:44","modified_gmt":"2025-10-27T18:53:44","slug":"anteckningsbok-i-atervunnen-kartong-med-hard-parm-caleb","status":"publish","type":"product","link":"https:\/\/www.atta45.se\/e-butik\/produkt\/anteckningsbok-i-atervunnen-kartong-med-hard-parm-caleb\/","title":{"rendered":"Anteckningsbok i \u00e5tervunnen kartong med h\u00e5rd p\u00e4rm Caleb"},"content":{"rendered":"<p>Anteckningsbok med spiral av \u00e5tervunnen kartong med h\u00e5rd p\u00e4rm och 160 linjerade sidor av \u00e5tervunnet brunt papper (65 g\/m\u00b2). \u00c5tervinningslogotyp p\u00e5 sidorna.<\/p>\n","protected":false},"excerpt":{"rendered":"<p>Anteckningsbok med spiral av \u00e5tervunnen kartong med h\u00e5rd p\u00e4rm och 160 linjerade sidor av \u00e5tervunnet brunt papper (65 g\/m\u00b2). \u00c5tervinningslogotyp p\u00e5 sidorna.<\/p>\n","protected":false},"featured_media":18048,"template":"","meta":{"_acf_changed":false,"_seopress_robots_primary_cat":"","_seopress_titles_title":"","_seopress_titles_desc":"","_seopress_robots_index":""},"product_brand":[],"product_cat":[15],"product_tag":[],"class_list":{"0":"post-18047","1":"product","2":"type-product","3":"status-publish","4":"has-post-thumbnail","6":"product_cat-okategoriserad","7":"atta45_taxonomy-elektronik-kontor-anteckningsbocker-sv","8":"atta45_taxonomy-tema-inspiration-grona-intryck-sv","9":"atta45_taxonomy-elektronik-kontor-kontorsartiklar-sv","10":"atta45_taxonomy-tema-inspiration-ogonblick-kontorsliv-sv","11":"atta45_taxonomy-elektronik-kontor-memohallare-sv","12":"atta45_taxonomy-tema-inspiration-utvalda-produkter-nyheter-sv","13":"atta45_taxonomy-nyheter-sv","14":"atta45_taxonomy-tema-inspiration-sv","15":"atta45_taxonomy-tema-inspiration-branscher-utbildning-sv","17":"first","18":"instock","19":"taxable","20":"shipping-taxable","21":"purchasable","22":"product-type-variable"},"acf":[],"_links":{"self":[{"href":"https:\/\/www.atta45.se\/e-butik\/wp-json\/wp\/v2\/product\/18047","targetHints":{"allow":["GET"]}}],"collection":[{"href":"https:\/\/www.atta45.se\/e-butik\/wp-json\/wp\/v2\/product"}],"about":[{"href":"https:\/\/www.atta45.se\/e-butik\/wp-json\/wp\/v2\/types\/product"}],"wp:featuredmedia":[{"embeddable":true,"href":"https:\/\/www.atta45.se\/e-butik\/wp-json\/wp\/v2\/media\/18048"}],"wp:attachment":[{"href":"https:\/\/www.atta45.se\/e-butik\/wp-json\/wp\/v2\/media?parent=18047"}],"wp:term":[{"taxonomy":"product_brand","embeddable":true,"href":"https:\/\/www.atta45.se\/e-butik\/wp-json\/wp\/v2\/product_brand?post=18047"},{"taxonomy":"product_cat","embeddable":true,"href":"https:\/\/www.atta45.se\/e-butik\/wp-json\/wp\/v2\/product_cat?post=18047"},{"taxonomy":"product_tag","embeddable":true,"href":"https:\/\/www.atta45.se\/e-butik\/wp-json\/wp\/v2\/product_tag?post=18047"}],"curies":[{"name":"wp","href":"https:\/\/api.w.org\/{rel}","templated":true}]}}