{"id":18011,"date":"2024-12-26T14:45:37","date_gmt":"2024-12-26T13:45:37","guid":{"rendered":"https:\/\/www.atta45.se\/e-butik\/?post_type=product&#038;p=18011"},"modified":"2025-10-27T19:52:38","modified_gmt":"2025-10-27T18:52:38","slug":"anteckningsbok-a5-i-aterbunnet-lader-gianna","status":"publish","type":"product","link":"https:\/\/www.atta45.se\/e-butik\/produkt\/anteckningsbok-a5-i-aterbunnet-lader-gianna\/","title":{"rendered":"Anteckningsbok (A5) i \u00e5terbunnet l\u00e4der Gianna"},"content":{"rendered":"<p>\u00c5tervunnen l\u00e4dernotisbok (A5) med 200 linjerade sidor (70 g\/m\u00b2). Med elastik f\u00f6r att h\u00e5lla st\u00e4ngd, ett bokm\u00e4rke och en penn\u00f6gla. Baksidan har ett hetttryckt \u00e5tervinningslogotyp.<\/p>\n","protected":false},"excerpt":{"rendered":"<p>\u00c5tervunnen l\u00e4dernotisbok (A5) med 200 linjerade sidor (70 g\/m\u00b2). Med elastik f\u00f6r att h\u00e5lla st\u00e4ngd, ett bokm\u00e4rke och en penn\u00f6gla. Baksidan har ett hetttryckt \u00e5tervinningslogotyp.<\/p>\n","protected":false},"featured_media":18012,"template":"","meta":{"_acf_changed":false,"_seopress_robots_primary_cat":"","_seopress_titles_title":"","_seopress_titles_desc":"","_seopress_robots_index":""},"product_brand":[],"product_cat":[15],"product_tag":[],"class_list":{"0":"post-18011","1":"product","2":"type-product","3":"status-publish","4":"has-post-thumbnail","6":"product_cat-okategoriserad","7":"atta45_taxonomy-elektronik-kontor-anteckningsbocker-sv","8":"atta45_taxonomy-tema-inspiration-grona-intryck-sv","9":"atta45_taxonomy-elektronik-kontor-kontorsartiklar-sv","10":"atta45_taxonomy-tema-inspiration-ogonblick-kontorsliv-sv","11":"atta45_taxonomy-elektronik-kontor-memohallare-sv","12":"atta45_taxonomy-nyheter-sv","13":"atta45_taxonomy-tema-inspiration-utvalda-produkter-nyheter-sv","14":"atta45_taxonomy-tema-inspiration-sv","16":"first","17":"instock","18":"taxable","19":"shipping-taxable","20":"purchasable","21":"product-type-variable"},"acf":[],"_links":{"self":[{"href":"https:\/\/www.atta45.se\/e-butik\/wp-json\/wp\/v2\/product\/18011","targetHints":{"allow":["GET"]}}],"collection":[{"href":"https:\/\/www.atta45.se\/e-butik\/wp-json\/wp\/v2\/product"}],"about":[{"href":"https:\/\/www.atta45.se\/e-butik\/wp-json\/wp\/v2\/types\/product"}],"wp:featuredmedia":[{"embeddable":true,"href":"https:\/\/www.atta45.se\/e-butik\/wp-json\/wp\/v2\/media\/18012"}],"wp:attachment":[{"href":"https:\/\/www.atta45.se\/e-butik\/wp-json\/wp\/v2\/media?parent=18011"}],"wp:term":[{"taxonomy":"product_brand","embeddable":true,"href":"https:\/\/www.atta45.se\/e-butik\/wp-json\/wp\/v2\/product_brand?post=18011"},{"taxonomy":"product_cat","embeddable":true,"href":"https:\/\/www.atta45.se\/e-butik\/wp-json\/wp\/v2\/product_cat?post=18011"},{"taxonomy":"product_tag","embeddable":true,"href":"https:\/\/www.atta45.se\/e-butik\/wp-json\/wp\/v2\/product_tag?post=18011"}],"curies":[{"name":"wp","href":"https:\/\/api.w.org\/{rel}","templated":true}]}}