{"id":17973,"date":"2024-12-26T14:45:21","date_gmt":"2024-12-26T13:45:21","guid":{"rendered":"https:\/\/www.atta45.se\/e-butik\/?post_type=product&#038;p=17973"},"modified":"2025-10-27T19:22:24","modified_gmt":"2025-10-27T18:22:24","slug":"vadderad-konferensmapp-a4","status":"publish","type":"product","link":"https:\/\/www.atta45.se\/e-butik\/produkt\/vadderad-konferensmapp-a4\/","title":{"rendered":"Vadderad konferensmapp (A4)"},"content":{"rendered":"<p>Vadderad konferensmapp med diagonala dekorrutor p\u00e5 utsidan. Liten n\u00e4tficka f\u00f6r visitkort respektive kalylator, ett st\u00f6rre fack och ett mindre samt 25-sidigt linjerat block i A4-format. Elastisk \u00f6gla f\u00f6r penna (penna ing\u00e5r ej).<\/p>\n","protected":false},"excerpt":{"rendered":"<p>Vadderad konferensmapp med diagonala dekorrutor p\u00e5 utsidan. Liten n\u00e4tficka f\u00f6r visitkort respektive kalylator, ett st\u00f6rre fack och ett mindre samt 25-sidigt linjerat block i A4-format. Elastisk \u00f6gla f\u00f6r penna (penna ing\u00e5r ej).<\/p>\n","protected":false},"featured_media":17974,"template":"","meta":{"_acf_changed":false,"_seopress_robots_primary_cat":"","_seopress_titles_title":"","_seopress_titles_desc":"","_seopress_robots_index":""},"product_brand":[],"product_cat":[15],"product_tag":[],"class_list":{"0":"post-17973","1":"product","2":"type-product","3":"status-publish","4":"has-post-thumbnail","6":"product_cat-okategoriserad","7":"atta45_taxonomy-elektronik-kontor-anteckningsbocker-sv","8":"atta45_taxonomy-elektronik-kontor-konferensmappar-sv","9":"atta45_taxonomy-elektronik-kontor-kontorsartiklar-sv","10":"atta45_taxonomy-tema-inspiration-ogonblick-kontorsliv-sv","11":"atta45_taxonomy-tema-inspiration-speciella-trycktekniker-name-it-sv","12":"atta45_taxonomy-elektronik-kontor-memohallare-sv","13":"atta45_taxonomy-tema-inspiration-sv","15":"first","16":"instock","17":"taxable","18":"shipping-taxable","19":"purchasable","20":"product-type-variable"},"acf":[],"_links":{"self":[{"href":"https:\/\/www.atta45.se\/e-butik\/wp-json\/wp\/v2\/product\/17973","targetHints":{"allow":["GET"]}}],"collection":[{"href":"https:\/\/www.atta45.se\/e-butik\/wp-json\/wp\/v2\/product"}],"about":[{"href":"https:\/\/www.atta45.se\/e-butik\/wp-json\/wp\/v2\/types\/product"}],"wp:featuredmedia":[{"embeddable":true,"href":"https:\/\/www.atta45.se\/e-butik\/wp-json\/wp\/v2\/media\/17974"}],"wp:attachment":[{"href":"https:\/\/www.atta45.se\/e-butik\/wp-json\/wp\/v2\/media?parent=17973"}],"wp:term":[{"taxonomy":"product_brand","embeddable":true,"href":"https:\/\/www.atta45.se\/e-butik\/wp-json\/wp\/v2\/product_brand?post=17973"},{"taxonomy":"product_cat","embeddable":true,"href":"https:\/\/www.atta45.se\/e-butik\/wp-json\/wp\/v2\/product_cat?post=17973"},{"taxonomy":"product_tag","embeddable":true,"href":"https:\/\/www.atta45.se\/e-butik\/wp-json\/wp\/v2\/product_tag?post=17973"}],"curies":[{"name":"wp","href":"https:\/\/api.w.org\/{rel}","templated":true}]}}